{"id":625,"date":"2021-09-21T15:47:21","date_gmt":"2021-09-21T15:47:21","guid":{"rendered":"https:\/\/navidnasri.com\/?page_id=625"},"modified":"2021-09-27T01:07:43","modified_gmt":"2021-09-27T01:07:43","slug":"accueil","status":"publish","type":"page","link":"https:\/\/navidnasri.com\/fr\/","title":{"rendered":"Accueil"},"content":{"rendered":"\t\t<div data-elementor-type=\"wp-page\" data-elementor-id=\"625\" class=\"elementor elementor-625\" data-elementor-post-type=\"page\">\n\t\t\t\t\t\t<section class=\"elementor-section elementor-top-section elementor-element elementor-element-6bc7c1f elementor-section-full_width elementor-section-height-default elementor-section-height-default\" data-id=\"6bc7c1f\" data-element_type=\"section\" data-e-type=\"section\">\n\t\t\t\t\t\t<div class=\"elementor-container elementor-column-gap-default\">\n\t\t\t\t\t<div class=\"elementor-column elementor-col-100 elementor-top-column elementor-element elementor-element-63dee4a\" data-id=\"63dee4a\" data-element_type=\"column\" data-e-type=\"column\">\n\t\t\t<div class=\"elementor-widget-wrap elementor-element-populated\">\n\t\t\t\t\t\t<div class=\"elementor-element elementor-element-ff15019 swiper-height-style-custom elementor-widget elementor-widget-image-reel\" data-id=\"ff15019\" data-element_type=\"widget\" data-e-type=\"widget\" data-widget_type=\"image-reel.default\">\n\t\t\t\t<div class=\"elementor-widget-container\">\n\t\t\t\t\t<div class=\"multislider-container-outer reel-slider\"><div id=\"625-69d260d0552d8\" class=\"swiper-container swiper-init swiper-slides-overlay shortcode-multislider-container swiperpagination-yes swiper-columns-0 multi-column-slider desktopoffset-yes mobileoffset-yes\" data-slidestyle=\"slide\" data-slidetotal=\"7\" data-swiperpagination=\"yes\" data-autoplay=\"5000\" data-columns=\"0\" data-desktopoffset=\"yes\" data-mobileoffset=\"yes\" data-id=\"625-69d260d0552d8\">\n\t    <div class=\"swiper-wrapper\"><div class=\"swiper-slide\"><img decoding=\"async\" class=\"image-reel-image\" src=\"https:\/\/navidnasri.com\/wp-content\/uploads\/2021\/09\/DSC01968-2.jpg\" alt=\"\" \/><\/div><div class=\"swiper-slide\"><img decoding=\"async\" class=\"image-reel-image\" src=\"https:\/\/navidnasri.com\/wp-content\/uploads\/2021\/09\/DSC02048-1.jpg\" alt=\"\" \/><\/div><div class=\"swiper-slide\"><img decoding=\"async\" class=\"image-reel-image\" src=\"https:\/\/navidnasri.com\/wp-content\/uploads\/2021\/09\/pre-wedding-g1.jpg\" alt=\"Wedding &amp; Pre Wedding\" \/><\/div><div class=\"swiper-slide\"><img decoding=\"async\" class=\"image-reel-image\" src=\"https:\/\/navidnasri.com\/wp-content\/uploads\/2021\/09\/pre-wedding-g7.jpg\" alt=\"Wedding &amp; Pre Wedding\" \/><\/div><div class=\"swiper-slide\"><img decoding=\"async\" class=\"image-reel-image\" src=\"https:\/\/navidnasri.com\/wp-content\/uploads\/2021\/09\/portrait-commercial-photography-4.jpg\" alt=\"Commercial Portrait\" \/><\/div><div class=\"swiper-slide\"><img decoding=\"async\" class=\"image-reel-image\" src=\"https:\/\/navidnasri.com\/wp-content\/uploads\/2021\/09\/cat-555.jpg\" alt=\"Commercial Portrait\" \/><\/div><div class=\"swiper-slide\"><img decoding=\"async\" class=\"image-reel-image\" src=\"https:\/\/navidnasri.com\/wp-content\/uploads\/2021\/09\/KERLASH.jpg\" alt=\"Product photography\" \/><\/div><\/div><div class=\"swiper-pagination\"><\/div><div class=\"swiper-button-prev\"><i class=\"feather-icon-arrow-left\"><\/i><\/div><div class=\"swiper-button-next\"><i class=\"feather-icon-arrow-right\"><\/i><\/div><\/div><\/div>\t\t\t\t<\/div>\n\t\t\t\t<\/div>\n\t\t\t\t\t<\/div>\n\t\t<\/div>\n\t\t\t\t\t<\/div>\n\t\t<\/section>\n\t\t\t\t<section class=\"elementor-section elementor-top-section elementor-element elementor-element-1d25878 elementor-section-boxed elementor-section-height-default elementor-section-height-default\" data-id=\"1d25878\" data-element_type=\"section\" data-e-type=\"section\">\n\t\t\t\t\t\t<div class=\"elementor-container elementor-column-gap-default\">\n\t\t\t\t\t<div class=\"elementor-column elementor-col-50 elementor-top-column elementor-element elementor-element-cfda7b0\" data-id=\"cfda7b0\" data-element_type=\"column\" data-e-type=\"column\">\n\t\t\t<div class=\"elementor-widget-wrap elementor-element-populated\">\n\t\t\t\t\t\t<div class=\"elementor-element elementor-element-faa7d55 elementor-widget elementor-widget-text-editor\" data-id=\"faa7d55\" data-element_type=\"widget\" data-e-type=\"widget\" data-widget_type=\"text-editor.default\">\n\t\t\t\t<div class=\"elementor-widget-container\">\n\t\t\t\t\t\t\t\t\t<p>Je suis photographe ind\u00e9pendant et cr\u00e9ateur de moment unique<\/p>\t\t\t\t\t\t\t\t<\/div>\n\t\t\t\t<\/div>\n\t\t\t\t\t<\/div>\n\t\t<\/div>\n\t\t\t\t<div class=\"elementor-column elementor-col-50 elementor-top-column elementor-element elementor-element-4a31556\" data-id=\"4a31556\" data-element_type=\"column\" data-e-type=\"column\">\n\t\t\t<div class=\"elementor-widget-wrap elementor-element-populated\">\n\t\t\t\t\t\t<div class=\"elementor-element elementor-element-861ba9a elementor-widget elementor-widget-text-editor\" data-id=\"861ba9a\" data-element_type=\"widget\" data-e-type=\"widget\" data-widget_type=\"text-editor.default\">\n\t\t\t\t<div class=\"elementor-widget-container\">\n\t\t\t\t\t\t\t\t\t<p>Bonjour, je suis Navid, un photographe enthousiaste bas\u00e9 en France. Je suis un photographe \u00e0 temps plein qui exerce ce m\u00e9tier depuis de nombreuses ann\u00e9es maintenant. Je suis passionn\u00e9 par la photographie de pr\u00e9-mariage, de fian\u00e7ailles et de mariage. Je voyage \u00e9galement dans le monde entier pour les mariages \u00e0 destination et les fugues.<\/p>\t\t\t\t\t\t\t\t<\/div>\n\t\t\t\t<\/div>\n\t\t\t\t\t<\/div>\n\t\t<\/div>\n\t\t\t\t\t<\/div>\n\t\t<\/section>\n\t\t\t\t<section class=\"elementor-section elementor-top-section elementor-element elementor-element-4941d7f elementor-section-boxed elementor-section-height-default elementor-section-height-default\" data-id=\"4941d7f\" data-element_type=\"section\" data-e-type=\"section\">\n\t\t\t\t\t\t<div class=\"elementor-container elementor-column-gap-default\">\n\t\t\t\t\t<div class=\"elementor-column elementor-col-100 elementor-top-column elementor-element elementor-element-c1d2f37\" data-id=\"c1d2f37\" data-element_type=\"column\" data-e-type=\"column\">\n\t\t\t<div class=\"elementor-widget-wrap elementor-element-populated\">\n\t\t\t\t\t\t<div class=\"elementor-element elementor-element-7a73e22 section-align-center elementor-widget elementor-widget-thumbnails-grid\" data-id=\"7a73e22\" data-element_type=\"widget\" data-e-type=\"widget\" data-widget_type=\"thumbnails-grid.default\">\n\t\t\t\t<div class=\"elementor-widget-container\">\n\t\t\t\t\t<div class=\"thumbnails-shortcode gridblock-columns-wrap grid-style-classic-wrap clearfix\"><div class=\"thumbnails-grid-container lightgallery-container grid-style-classic thumbnail-gutter-spaced    gridblock-three  has-effect-none\"  data-columns=\"3\"><div class=\"gridblock-element  animation-standby-portfolio animated fadeIn isotope-displayed gridblock-thumbnail-id-695 gridblock-col-1\"><div class=\"gridblock-ajax gridblock-grid-element gridblock-element-inner\" data-rel=\"625\"><div class=\"gridblock-background-hover\"><a class=\"gridblock-sole-link\" href=\"https:\/\/navidnasri.com\/fr\/mariage\/\" data-title=\"Mariage\"><div class=\"gridblock-links-wrap\"><span class=\"column-gridblock-icon\"><span class=\"hover-icon-effect\"><i class=\"ion-ios-arrow-thin-up\"><\/i><\/span><\/span><\/div><\/a><\/div><img decoding=\"async\" class=\"preload-image lazyload displayed-image\" src=\"https:\/\/navidnasri.com\/wp-content\/themes\/blacksilver\/images\/placeholders\/placeholder-770x770.gif\" data-src=\"https:\/\/navidnasri.com\/wp-content\/uploads\/2021\/09\/DSC01968-2-1-700x770.jpg\" alt=\"Mariage\"><\/div><div class=\"work-details\"><h4>Mariage<\/h4><\/div><\/div><div class=\"gridblock-element  animation-standby-portfolio animated fadeIn isotope-displayed gridblock-thumbnail-id-693 gridblock-col-2\"><div class=\"gridblock-ajax gridblock-grid-element gridblock-element-inner\" data-rel=\"625\"><div class=\"gridblock-background-hover\"><a class=\"gridblock-sole-link\" href=\"https:\/\/navidnasri.com\/fr\/portrait-commercial\/\" data-title=\"Portrait commercial\"><div class=\"gridblock-links-wrap\"><span class=\"column-gridblock-icon\"><span class=\"hover-icon-effect\"><i class=\"ion-ios-arrow-thin-up\"><\/i><\/span><\/span><\/div><\/a><\/div><img decoding=\"async\" class=\"preload-image lazyload displayed-image\" src=\"https:\/\/navidnasri.com\/wp-content\/themes\/blacksilver\/images\/placeholders\/placeholder-770x770.gif\" data-src=\"https:\/\/navidnasri.com\/wp-content\/uploads\/2021\/09\/cat-555-1-700x770.jpg\" alt=\"Portrait commercial\"><\/div><div class=\"work-details\"><h4>Portrait commercial<\/h4><\/div><\/div><div class=\"gridblock-element  animation-standby-portfolio animated fadeIn isotope-displayed gridblock-thumbnail-id-700 gridblock-col-3\"><div class=\"gridblock-ajax gridblock-grid-element gridblock-element-inner\" data-rel=\"625\"><div class=\"gridblock-background-hover\"><a class=\"gridblock-sole-link\" href=\"https:\/\/navidnasri.com\/fr\/produits\/\" data-title=\"Produits\"><div class=\"gridblock-links-wrap\"><span class=\"column-gridblock-icon\"><span class=\"hover-icon-effect\"><i class=\"ion-ios-arrow-thin-up\"><\/i><\/span><\/span><\/div><\/a><\/div><img decoding=\"async\" class=\"preload-image lazyload displayed-image\" src=\"https:\/\/navidnasri.com\/wp-content\/themes\/blacksilver\/images\/placeholders\/placeholder-770x770.gif\" data-src=\"https:\/\/navidnasri.com\/wp-content\/uploads\/2021\/09\/KERLASH3-700x770.jpg\" alt=\"Produits\"><\/div><div class=\"work-details\"><h4>Produits<\/h4><\/div><\/div><\/div><\/div>\t\t\t\t<\/div>\n\t\t\t\t<\/div>\n\t\t\t\t\t<\/div>\n\t\t<\/div>\n\t\t\t\t\t<\/div>\n\t\t<\/section>\n\t\t\t\t<section class=\"elementor-section elementor-top-section elementor-element elementor-element-0764c12 elementor-section-boxed elementor-section-height-default elementor-section-height-default\" data-id=\"0764c12\" data-element_type=\"section\" data-e-type=\"section\">\n\t\t\t\t\t\t<div class=\"elementor-container elementor-column-gap-default\">\n\t\t\t\t\t<div class=\"elementor-column elementor-col-100 elementor-top-column elementor-element elementor-element-623cad5\" data-id=\"623cad5\" data-element_type=\"column\" data-e-type=\"column\">\n\t\t\t<div class=\"elementor-widget-wrap elementor-element-populated\">\n\t\t\t\t\t\t<div class=\"elementor-element elementor-element-edb56d8 elementor-widget elementor-widget-spacer\" data-id=\"edb56d8\" data-element_type=\"widget\" data-e-type=\"widget\" data-widget_type=\"spacer.default\">\n\t\t\t\t<div class=\"elementor-widget-container\">\n\t\t\t\t\t\t\t<div class=\"elementor-spacer\">\n\t\t\t<div class=\"elementor-spacer-inner\"><\/div>\n\t\t<\/div>\n\t\t\t\t\t\t<\/div>\n\t\t\t\t<\/div>\n\t\t\t\t\t<\/div>\n\t\t<\/div>\n\t\t\t\t\t<\/div>\n\t\t<\/section>\n\t\t\t\t<section class=\"elementor-section elementor-top-section elementor-element elementor-element-32f1cf1 elementor-section-boxed elementor-section-height-default elementor-section-height-default\" data-id=\"32f1cf1\" data-element_type=\"section\" data-e-type=\"section\">\n\t\t\t\t\t\t<div class=\"elementor-container elementor-column-gap-default\">\n\t\t\t\t\t<div class=\"elementor-column elementor-col-100 elementor-top-column elementor-element elementor-element-83682cb\" data-id=\"83682cb\" data-element_type=\"column\" data-e-type=\"column\">\n\t\t\t<div class=\"elementor-widget-wrap elementor-element-populated\">\n\t\t\t\t\t\t<div class=\"elementor-element elementor-element-2e0e902 elementor-testimonial--layout-image_above elementor-testimonial--skin-default elementor-testimonial--align-center elementor-arrows-yes elementor-pagination-type-bullets elementor-widget elementor-widget-testimonial-carousel\" data-id=\"2e0e902\" data-element_type=\"widget\" data-e-type=\"widget\" data-settings=\"{&quot;autoplay_speed&quot;:7000,&quot;show_arrows&quot;:&quot;yes&quot;,&quot;pagination&quot;:&quot;bullets&quot;,&quot;speed&quot;:500,&quot;autoplay&quot;:&quot;yes&quot;,&quot;loop&quot;:&quot;yes&quot;,&quot;pause_on_hover&quot;:&quot;yes&quot;,&quot;pause_on_interaction&quot;:&quot;yes&quot;,&quot;space_between&quot;:{&quot;unit&quot;:&quot;px&quot;,&quot;size&quot;:10,&quot;sizes&quot;:[]},&quot;space_between_tablet&quot;:{&quot;unit&quot;:&quot;px&quot;,&quot;size&quot;:10,&quot;sizes&quot;:[]},&quot;space_between_mobile&quot;:{&quot;unit&quot;:&quot;px&quot;,&quot;size&quot;:10,&quot;sizes&quot;:[]}}\" data-widget_type=\"testimonial-carousel.default\">\n\t\t\t\t<div class=\"elementor-widget-container\">\n\t\t\t\t\t\t\t<div class=\"elementor-swiper\">\n\t\t\t<div class=\"elementor-main-swiper swiper-container\">\n\t\t\t\t<div class=\"swiper-wrapper\">\n\t\t\t\t\t\t\t\t\t\t\t<div class=\"swiper-slide\">\n\t\t\t\t\t\t\t\t\t<div class=\"elementor-testimonial\">\n\t\t\t\t\t\t\t<div class=\"elementor-testimonial__content\">\n\t\t\t\t\t<div class=\"elementor-testimonial__text\">\n\t\t\t\t\t\tAU D\u00c9BUT, NOUS \u00c9TIONS UN PEU STRESS\u00c9S CAR C'\u00c9TAIT LA PREMI\u00c8RE FOIS QUE NOUS FAISIONS UN SHOOTING ENSEMBLE. MAIS NAVID ET SON ASSISTANT NOUS ONT MIS \u00c0 L'AISE TR\u00c8S RAPIDEMENT GR\u00c2CE \u00c0 LEUR GENTILLESSE. RAPIDEMENT, APR\u00c8S QUELQUES S\u00c9ANCES, NOUS AVONS PRIS CONFIANCE EN NOUS ET AVONS ESSAY\u00c9 DE NOUVELLES POSITIONS, AVEC L'AIDE DE NAVID BIEN S\u00dbR. C'\u00c9TAIT UNE EXP\u00c9RIENCE TR\u00c8S SP\u00c9CIALE CAR NOUS AVONS VRAIMENT EU LA CHANCE DE NOUS EXPRIMER ET DE MONTRER NOTRE AMOUR \u00c0 TRAVERS LES PHOTOS.\t\t\t\t\t<\/div>\n\t\t\t\t\t<cite class=\"elementor-testimonial__cite\"><span class=\"elementor-testimonial__name\">Alex & Lea<\/span><span class=\"elementor-testimonial__title\">Client<\/span><\/cite>\t\t\t\t<\/div>\n\t\t\t\t\t\t<div class=\"elementor-testimonial__footer\">\n\t\t\t\t\t\t\t\t\t<div class=\"elementor-testimonial__image\">\n\t\t\t\t\t\t<img decoding=\"async\" src=\"https:\/\/navidnasri.com\/wp-content\/uploads\/2021\/09\/pre-wedding-g1.jpg\" alt=\"Alex &amp; Lea\">\n\t\t\t\t\t\t\t\t\t\t\t<\/div>\n\t\t\t\t\t\t\t\t\t\t\t<\/div>\n\t\t<\/div>\n\t\t\t\t\t\t\t\t<\/div>\n\t\t\t\t\t\t\t\t\t\t\t<div class=\"swiper-slide\">\n\t\t\t\t\t\t\t\t\t<div class=\"elementor-testimonial\">\n\t\t\t\t\t\t\t<div class=\"elementor-testimonial__content\">\n\t\t\t\t\t<div class=\"elementor-testimonial__text\">\n\t\t\t\t\t\tNAVID EST UN PHOTOGRAPHE EXTRAORDINAIRE !!! IL A FAIT LES PHOTOS PENDANT NOTRE MARIAGE ET ELLES SONT MAGNIFIQUES. C'EST COMME S'IL AVAIT UN TROISI\u00c8ME SENS POUR CAPTURER TOUS LES MOMENTS INT\u00c9RESSANTS QUI SE D\u00c9ROULENT.\t\t\t\t\t<\/div>\n\t\t\t\t\t<cite class=\"elementor-testimonial__cite\"><span class=\"elementor-testimonial__name\">Ruta<\/span><span class=\"elementor-testimonial__title\">Client<\/span><\/cite>\t\t\t\t<\/div>\n\t\t\t\t\t\t<div class=\"elementor-testimonial__footer\">\n\t\t\t\t\t\t\t\t\t<div class=\"elementor-testimonial__image\">\n\t\t\t\t\t\t<img decoding=\"async\" src=\"https:\/\/navidnasri.com\/wp-content\/uploads\/2021\/09\/DSC01968-2.jpg\" alt=\"Wedding\">\n\t\t\t\t\t\t\t\t\t\t\t<\/div>\n\t\t\t\t\t\t\t\t\t\t\t<\/div>\n\t\t<\/div>\n\t\t\t\t\t\t\t\t<\/div>\n\t\t\t\t\t\t\t\t\t\t\t<div class=\"swiper-slide\">\n\t\t\t\t\t\t\t\t\t<div class=\"elementor-testimonial\">\n\t\t\t\t\t\t\t<div class=\"elementor-testimonial__content\">\n\t\t\t\t\t<div class=\"elementor-testimonial__text\">\n\t\t\t\t\t\tJ'AI PASS\u00c9 UNE S\u00c9ANCE DE PORTRAIT TR\u00c8S HEUREUSE AVEC NAVID. IL EST TR\u00c8S PATIENT ET A R\u00c9PONDU EFFICACEMENT \u00c0 TOUTES MES QUESTIONS AVANT LA R\u00c9SERVATION. IL M'A MONTR\u00c9 LES ENDROITS C\u00c9L\u00c8BRES DE PARIS ET A PRIS DE SUPERBES PHOTOS. IL M'A APPRIS \u00c0 POSER DE LA MEILLEURE FA\u00c7ON ET \u00c0 FAIRE EN SORTE QUE CELA PARAISSE NATUREL.\t\t\t\t\t<\/div>\n\t\t\t\t\t<cite class=\"elementor-testimonial__cite\"><span class=\"elementor-testimonial__name\">Alina<\/span><span class=\"elementor-testimonial__title\">Client<\/span><\/cite>\t\t\t\t<\/div>\n\t\t\t\t\t\t<div class=\"elementor-testimonial__footer\">\n\t\t\t\t\t\t\t\t\t<div class=\"elementor-testimonial__image\">\n\t\t\t\t\t\t<img decoding=\"async\" src=\"https:\/\/navidnasri.com\/wp-content\/uploads\/2021\/09\/portrait-commercial-photography-4.jpg\" alt=\"Commercial Portrait\">\n\t\t\t\t\t\t\t\t\t\t\t<\/div>\n\t\t\t\t\t\t\t\t\t\t\t<\/div>\n\t\t<\/div>\n\t\t\t\t\t\t\t\t<\/div>\n\t\t\t\t\t\t\t\t\t<\/div>\n\t\t\t\t\t\t\t\t\t\t\t\t\t\t\t<div class=\"swiper-pagination\"><\/div>\n\t\t\t\t\t\t\t\t\t\t\t\t\t\t\t\t<div class=\"elementor-swiper-button elementor-swiper-button-prev\" role=\"button\" tabindex=\"0\">\n\t\t\t\t\t\t\t<i aria-hidden=\"true\" class=\"eicon-chevron-left\"><\/i>\t\t\t\t\t\t\t<span class=\"elementor-screen-only\">Previous<\/span>\n\t\t\t\t\t\t<\/div>\n\t\t\t\t\t\t<div class=\"elementor-swiper-button elementor-swiper-button-next\" role=\"button\" tabindex=\"0\">\n\t\t\t\t\t\t\t<i aria-hidden=\"true\" class=\"eicon-chevron-right\"><\/i>\t\t\t\t\t\t\t<span class=\"elementor-screen-only\">Next<\/span>\n\t\t\t\t\t\t<\/div>\n\t\t\t\t\t\t\t\t\t\t\t\t<\/div>\n\t\t<\/div>\n\t\t\t\t\t\t<\/div>\n\t\t\t\t<\/div>\n\t\t\t\t\t<\/div>\n\t\t<\/div>\n\t\t\t\t\t<\/div>\n\t\t<\/section>\n\t\t\t\t<section class=\"elementor-section elementor-top-section elementor-element elementor-element-e00fef9 elementor-section-boxed elementor-section-height-default elementor-section-height-default\" data-id=\"e00fef9\" data-element_type=\"section\" data-e-type=\"section\">\n\t\t\t\t\t\t<div class=\"elementor-container elementor-column-gap-default\">\n\t\t\t\t\t<div class=\"elementor-column elementor-col-100 elementor-top-column elementor-element elementor-element-a895d9b\" data-id=\"a895d9b\" data-element_type=\"column\" data-e-type=\"column\">\n\t\t\t<div class=\"elementor-widget-wrap elementor-element-populated\">\n\t\t\t\t\t\t<div class=\"elementor-element elementor-element-afe873a elementor-widget elementor-widget-spacer\" data-id=\"afe873a\" data-element_type=\"widget\" data-e-type=\"widget\" data-widget_type=\"spacer.default\">\n\t\t\t\t<div class=\"elementor-widget-container\">\n\t\t\t\t\t\t\t<div class=\"elementor-spacer\">\n\t\t\t<div class=\"elementor-spacer-inner\"><\/div>\n\t\t<\/div>\n\t\t\t\t\t\t<\/div>\n\t\t\t\t<\/div>\n\t\t\t\t\t<\/div>\n\t\t<\/div>\n\t\t\t\t\t<\/div>\n\t\t<\/section>\n\t\t\t\t<section class=\"elementor-section elementor-top-section elementor-element elementor-element-6f63308 elementor-section-boxed elementor-section-height-default elementor-section-height-default\" data-id=\"6f63308\" data-element_type=\"section\" data-e-type=\"section\">\n\t\t\t\t\t\t<div class=\"elementor-container elementor-column-gap-default\">\n\t\t\t\t\t<div class=\"elementor-column elementor-col-50 elementor-top-column elementor-element elementor-element-4245f7d\" data-id=\"4245f7d\" data-element_type=\"column\" data-e-type=\"column\">\n\t\t\t<div class=\"elementor-widget-wrap elementor-element-populated\">\n\t\t\t\t\t\t<div class=\"elementor-element elementor-element-6916af4 elementor-widget elementor-widget-text-editor\" data-id=\"6916af4\" data-element_type=\"widget\" data-e-type=\"widget\" data-widget_type=\"text-editor.default\">\n\t\t\t\t<div class=\"elementor-widget-container\">\n\t\t\t\t\t\t\t\t\t<h4>Se sentir inspir\u00e9? en attente de conextion?<\/h4><p>Address e-mail:<br \/>me@navidnasri.com<br \/>Phone:<br \/>(+33) 0623850858<br \/>Whatsapp:<br \/>(+33) 0623850858<\/p>\t\t\t\t\t\t\t\t<\/div>\n\t\t\t\t<\/div>\n\t\t\t\t\t<\/div>\n\t\t<\/div>\n\t\t\t\t<div class=\"elementor-column elementor-col-50 elementor-top-column elementor-element elementor-element-e151005\" data-id=\"e151005\" data-element_type=\"column\" data-e-type=\"column\">\n\t\t\t<div class=\"elementor-widget-wrap elementor-element-populated\">\n\t\t\t\t\t\t<div class=\"elementor-element elementor-element-87bb2c4 elementor-button-align-stretch elementor-widget elementor-widget-form\" data-id=\"87bb2c4\" data-element_type=\"widget\" data-e-type=\"widget\" data-settings=\"{&quot;step_next_label&quot;:&quot;Next&quot;,&quot;step_previous_label&quot;:&quot;Previous&quot;,&quot;button_width&quot;:&quot;100&quot;,&quot;step_type&quot;:&quot;number_text&quot;,&quot;step_icon_shape&quot;:&quot;circle&quot;}\" data-widget_type=\"form.default\">\n\t\t\t\t<div class=\"elementor-widget-container\">\n\t\t\t\t\t\t\t<form class=\"elementor-form\" method=\"post\" name=\"Contact us\">\n\t\t\t<input type=\"hidden\" name=\"post_id\" value=\"625\"\/>\n\t\t\t<input type=\"hidden\" name=\"form_id\" value=\"87bb2c4\"\/>\n\t\t\t<input type=\"hidden\" name=\"referer_title\" value=\"\" \/>\n\n\t\t\t\n\t\t\t<div class=\"elementor-form-fields-wrapper elementor-labels-\">\n\t\t\t\t\t\t\t\t<div class=\"elementor-field-type-text elementor-field-group elementor-column elementor-field-group-name elementor-col-100\">\n\t\t\t\t\t\t\t\t\t\t\t\t<label for=\"form-field-name\" class=\"elementor-field-label elementor-screen-only\">\n\t\t\t\t\t\t\t\tNom\t\t\t\t\t\t\t<\/label>\n\t\t\t\t\t\t\t\t\t\t\t\t\t\t<input size=\"1\" type=\"text\" name=\"form_fields[name]\" id=\"form-field-name\" class=\"elementor-field elementor-size-sm  elementor-field-textual\" placeholder=\"Nom\">\n\t\t\t\t\t\t\t\t\t\t\t<\/div>\n\t\t\t\t\t\t\t\t<div class=\"elementor-field-type-email elementor-field-group elementor-column elementor-field-group-email elementor-col-100 elementor-field-required\">\n\t\t\t\t\t\t\t\t\t\t\t\t<label for=\"form-field-email\" class=\"elementor-field-label elementor-screen-only\">\n\t\t\t\t\t\t\t\tEmail\t\t\t\t\t\t\t<\/label>\n\t\t\t\t\t\t\t\t\t\t\t\t\t\t<input size=\"1\" type=\"email\" name=\"form_fields[email]\" id=\"form-field-email\" class=\"elementor-field elementor-size-sm  elementor-field-textual\" placeholder=\"Email\" required=\"required\" aria-required=\"true\">\n\t\t\t\t\t\t\t\t\t\t\t<\/div>\n\t\t\t\t\t\t\t\t<div class=\"elementor-field-type-textarea elementor-field-group elementor-column elementor-field-group-message elementor-col-100\">\n\t\t\t\t\t\t\t\t\t\t\t\t<label for=\"form-field-message\" class=\"elementor-field-label elementor-screen-only\">\n\t\t\t\t\t\t\t\tMessage\t\t\t\t\t\t\t<\/label>\n\t\t\t\t\t\t<textarea class=\"elementor-field-textual elementor-field  elementor-size-sm\" name=\"form_fields[message]\" id=\"form-field-message\" rows=\"4\" placeholder=\"Message\"><\/textarea>\t\t\t\t<\/div>\n\t\t\t\t\t\t\t\t<div class=\"elementor-field-group elementor-column elementor-field-type-submit elementor-col-100 e-form__buttons\">\n\t\t\t\t\t<button type=\"submit\" class=\"elementor-button elementor-size-sm\">\n\t\t\t\t\t\t<span >\n\t\t\t\t\t\t\t\t\t\t\t\t\t\t\t<span class=\" elementor-button-icon\">\n\t\t\t\t\t\t\t\t\t\t\t\t\t\t\t\t\t\t\t\t\t\t\t\t\t\t<\/span>\n\t\t\t\t\t\t\t\t\t\t\t\t\t\t\t\t\t\t\t\t\t\t<span class=\"elementor-button-text\">envoyer<\/span>\n\t\t\t\t\t\t\t\t\t\t\t\t\t<\/span>\n\t\t\t\t\t<\/button>\n\t\t\t\t<\/div>\n\t\t\t<\/div>\n\t\t<\/form>\n\t\t\t\t\t\t<\/div>\n\t\t\t\t<\/div>\n\t\t\t\t\t<\/div>\n\t\t<\/div>\n\t\t\t\t\t<\/div>\n\t\t<\/section>\n\t\t\t\t<\/div>\n\t\t","protected":false},"excerpt":{"rendered":"<p>Je suis photographe ind\u00e9pendant et cr\u00e9ateur de moment unique Bonjour, je suis Navid, un photographe enthousiaste bas\u00e9 en France. Je suis un photographe \u00e0 temps plein qui exerce ce m\u00e9tier depuis de nombreuses ann\u00e9es maintenant. Je suis passionn\u00e9 par la photographie de pr\u00e9-mariage, de fian\u00e7ailles et de mariage. Je voyage \u00e9galement dans le monde entier pour les mariages \u00e0 destination et les fugues. Mariage Portrait commercial Produits AU D\u00c9BUT, NOUS \u00c9TIONS UN PEU STRESS\u00c9S CAR C&rsquo;\u00c9TAIT LA PREMI\u00c8RE FOIS QUE [&hellip;]<\/p>\n","protected":false},"author":1,"featured_media":0,"parent":0,"menu_order":0,"comment_status":"closed","ping_status":"closed","template":"","meta":{"footnotes":""},"class_list":["post-625","page","type-page","status-publish","hentry"],"_links":{"self":[{"href":"https:\/\/navidnasri.com\/fr\/wp-json\/wp\/v2\/pages\/625","targetHints":{"allow":["GET"]}}],"collection":[{"href":"https:\/\/navidnasri.com\/fr\/wp-json\/wp\/v2\/pages"}],"about":[{"href":"https:\/\/navidnasri.com\/fr\/wp-json\/wp\/v2\/types\/page"}],"author":[{"embeddable":true,"href":"https:\/\/navidnasri.com\/fr\/wp-json\/wp\/v2\/users\/1"}],"replies":[{"embeddable":true,"href":"https:\/\/navidnasri.com\/fr\/wp-json\/wp\/v2\/comments?post=625"}],"version-history":[{"count":59,"href":"https:\/\/navidnasri.com\/fr\/wp-json\/wp\/v2\/pages\/625\/revisions"}],"predecessor-version":[{"id":884,"href":"https:\/\/navidnasri.com\/fr\/wp-json\/wp\/v2\/pages\/625\/revisions\/884"}],"wp:attachment":[{"href":"https:\/\/navidnasri.com\/fr\/wp-json\/wp\/v2\/media?parent=625"}],"curies":[{"name":"wp","href":"https:\/\/api.w.org\/{rel}","templated":true}]}}