{"id":630,"date":"2021-09-20T22:23:52","date_gmt":"2021-09-20T22:23:52","guid":{"rendered":"https:\/\/navidnasri.com\/?page_id=630"},"modified":"2023-04-05T10:33:59","modified_gmt":"2023-04-05T10:33:59","slug":"a-propos-de-moi","status":"publish","type":"page","link":"https:\/\/navidnasri.com\/fr\/a-propos-de-moi\/","title":{"rendered":"a propos"},"content":{"rendered":"<p><img fetchpriority=\"high\" decoding=\"async\" src=\"https:\/\/navidnasri.com\/wp-content\/uploads\/2021\/09\/IMG_7906-683x1024.jpg\" sizes=\"(max-width: 683px) 100vw, 683px\" srcset=\"https:\/\/navidnasri.com\/wp-content\/uploads\/2021\/09\/IMG_7906-683x1024.jpg 683w, https:\/\/navidnasri.com\/wp-content\/uploads\/2021\/09\/IMG_7906-200x300.jpg 200w, https:\/\/navidnasri.com\/wp-content\/uploads\/2021\/09\/IMG_7906.jpg 700w\" alt=\"Navid Nasri\" width=\"683\" height=\"1024\" \/><\/p>\n<h4>Bonjour, je m&rsquo;appelle Navid ! Je suis photographe, voyageur exp\u00e9riment\u00e9 et passionn\u00e9 de vin.<\/h4>\n<p>Bonjour, je suis Navid, un photographe enthousiaste bas\u00e9 en France Riviera. Je suis un photographe \u00e0 temps plein qui exerce ce m\u00e9tier depuis de nombreuses ann\u00e9es maintenant. Je suis passionn\u00e9 par la photographie de pr\u00e9-mariage, de fian\u00e7ailles et de mariage. Je voyage \u00e9galement dans le monde entier pour les mariages \u00e0 destination et les fugues.<\/p>\n<p>Outre ma passion pour la capture des histoires d&rsquo;amour, je suis un expert en photographie commerciale et de produits. M\u00eame si je suis un photographe professionnel, je ne cesse d&rsquo;apprendre afin de toujours am\u00e9liorer et perfectionner mon travail pour mes clients.<\/p>\n<p><img decoding=\"async\" title=\"sgnature\" src=\"https:\/\/navidnasri.com\/wp-content\/uploads\/elementor\/thumbs\/sgnature-pdp4zwm75e5pqa4p8q5u6qbnpdtatd6whjedhlkhs0.jpg\" alt=\"sgnature\" \/><\/p>\n","protected":false},"excerpt":{"rendered":"<p>Bonjour, je m&rsquo;appelle Navid ! Je suis photographe, voyageur exp\u00e9riment\u00e9 et passionn\u00e9 de vin. Bonjour, je suis Navid, un photographe enthousiaste bas\u00e9 en France Riviera. Je suis un photographe \u00e0 temps plein qui exerce ce m\u00e9tier depuis de nombreuses ann\u00e9es maintenant. Je suis passionn\u00e9 par la photographie de pr\u00e9-mariage, de fian\u00e7ailles et de mariage. Je voyage \u00e9galement dans le monde entier pour les mariages \u00e0 destination et les fugues. Outre ma passion pour la capture des histoires d&rsquo;amour, je suis [&hellip;]<\/p>\n","protected":false},"author":1,"featured_media":0,"parent":0,"menu_order":0,"comment_status":"closed","ping_status":"closed","template":"","meta":{"footnotes":""},"class_list":["post-630","page","type-page","status-publish","hentry"],"_links":{"self":[{"href":"https:\/\/navidnasri.com\/fr\/wp-json\/wp\/v2\/pages\/630","targetHints":{"allow":["GET"]}}],"collection":[{"href":"https:\/\/navidnasri.com\/fr\/wp-json\/wp\/v2\/pages"}],"about":[{"href":"https:\/\/navidnasri.com\/fr\/wp-json\/wp\/v2\/types\/page"}],"author":[{"embeddable":true,"href":"https:\/\/navidnasri.com\/fr\/wp-json\/wp\/v2\/users\/1"}],"replies":[{"embeddable":true,"href":"https:\/\/navidnasri.com\/fr\/wp-json\/wp\/v2\/comments?post=630"}],"version-history":[{"count":14,"href":"https:\/\/navidnasri.com\/fr\/wp-json\/wp\/v2\/pages\/630\/revisions"}],"predecessor-version":[{"id":890,"href":"https:\/\/navidnasri.com\/fr\/wp-json\/wp\/v2\/pages\/630\/revisions\/890"}],"wp:attachment":[{"href":"https:\/\/navidnasri.com\/fr\/wp-json\/wp\/v2\/media?parent=630"}],"curies":[{"name":"wp","href":"https:\/\/api.w.org\/{rel}","templated":true}]}}