{"id":714,"date":"2021-09-23T23:28:50","date_gmt":"2021-09-23T23:28:50","guid":{"rendered":"https:\/\/navidnasri.com\/?page_id=714"},"modified":"2021-09-23T23:30:25","modified_gmt":"2021-09-23T23:30:25","slug":"mariage","status":"publish","type":"page","link":"https:\/\/navidnasri.com\/fr\/mariage\/","title":{"rendered":"Mariage"},"content":{"rendered":"\t\t<div data-elementor-type=\"wp-page\" data-elementor-id=\"714\" class=\"elementor elementor-714\" data-elementor-post-type=\"page\">\n\t\t\t\t\t\t<section class=\"elementor-section elementor-top-section elementor-element elementor-element-2249230 elementor-section-boxed elementor-section-height-default elementor-section-height-default\" data-id=\"2249230\" data-element_type=\"section\" data-e-type=\"section\">\n\t\t\t\t\t\t<div class=\"elementor-container elementor-column-gap-default\">\n\t\t\t\t\t<div class=\"elementor-column elementor-col-50 elementor-top-column elementor-element elementor-element-83a9905\" data-id=\"83a9905\" data-element_type=\"column\" data-e-type=\"column\">\n\t\t\t<div class=\"elementor-widget-wrap elementor-element-populated\">\n\t\t\t\t\t\t<div class=\"elementor-element elementor-element-46066b5 elementor-widget elementor-widget-image\" data-id=\"46066b5\" data-element_type=\"widget\" data-e-type=\"widget\" data-widget_type=\"image.default\">\n\t\t\t\t<div class=\"elementor-widget-container\">\n\t\t\t\t\t\t\t\t\t\t\t\t\t\t\t<img fetchpriority=\"high\" decoding=\"async\" width=\"683\" height=\"1024\" src=\"https:\/\/navidnasri.com\/wp-content\/uploads\/2021\/09\/DSC01968-2-683x1024.jpg\" class=\"attachment-large size-large wp-image-260\" alt=\"\" srcset=\"https:\/\/navidnasri.com\/wp-content\/uploads\/2021\/09\/DSC01968-2-683x1024.jpg 683w, https:\/\/navidnasri.com\/wp-content\/uploads\/2021\/09\/DSC01968-2-200x300.jpg 200w, https:\/\/navidnasri.com\/wp-content\/uploads\/2021\/09\/DSC01968-2.jpg 700w\" sizes=\"(max-width: 683px) 100vw, 683px\" \/>\t\t\t\t\t\t\t\t\t\t\t\t\t\t\t<\/div>\n\t\t\t\t<\/div>\n\t\t\t\t\t<\/div>\n\t\t<\/div>\n\t\t\t\t<div class=\"elementor-column elementor-col-50 elementor-top-column elementor-element elementor-element-399c745\" data-id=\"399c745\" data-element_type=\"column\" data-e-type=\"column\">\n\t\t\t<div class=\"elementor-widget-wrap elementor-element-populated\">\n\t\t\t\t\t\t<div class=\"elementor-element elementor-element-4b43796 elementor-widget elementor-widget-text-editor\" data-id=\"4b43796\" data-element_type=\"widget\" data-e-type=\"widget\" data-widget_type=\"text-editor.default\">\n\t\t\t\t<div class=\"elementor-widget-container\">\n\t\t\t\t\t\t\t\t\t<h4 class=\"ppb_title\">Mariage et pr\u00e9-mariage<\/h4><p>En tant que photographe de votre mariage, ma mission est de cr\u00e9er des photos magnifiques, intemporelles et naturelles que vous pourrez ch\u00e9rir \u00e0 jamais.<\/p><p>Un pr\u00e9-shoot est une courte s\u00e9ance de photos avec votre photographe de mariage environ trois \u00e0 six mois avant votre mariage. L\u2019objectif principal de cette s\u00e9ance est de vous habituer \u00e0 \u00eatre devant l\u2019appareil photo, d\u2019\u00e9tablir une relation avec votre photographe et de recevoir un bel ensemble de photos romantiques bien avant votre mariage.<\/p><p>Les fian\u00e7ailles sont un moment magique que vous et votre partenaire n\u2019oublierez jamais. En tant que photographe de fian\u00e7ailles, mon objectif est de c\u00e9l\u00e9brer toute l\u2019\u00e9motion qui accompagne ce nouveau chapitre de votre relation.<\/p>\t\t\t\t\t\t\t\t<\/div>\n\t\t\t\t<\/div>\n\t\t\t\t\t<\/div>\n\t\t<\/div>\n\t\t\t\t\t<\/div>\n\t\t<\/section>\n\t\t\t\t<section class=\"elementor-section elementor-top-section elementor-element elementor-element-5bef44d elementor-section-boxed elementor-section-height-default elementor-section-height-default\" data-id=\"5bef44d\" data-element_type=\"section\" data-e-type=\"section\">\n\t\t\t\t\t\t<div class=\"elementor-container elementor-column-gap-default\">\n\t\t\t\t\t<div class=\"elementor-column elementor-col-100 elementor-top-column elementor-element elementor-element-64aa5e9\" data-id=\"64aa5e9\" data-element_type=\"column\" data-e-type=\"column\">\n\t\t\t<div class=\"elementor-widget-wrap elementor-element-populated\">\n\t\t\t\t\t\t<div class=\"elementor-element elementor-element-151a03a elementor-widget elementor-widget-heading\" data-id=\"151a03a\" data-element_type=\"widget\" data-e-type=\"widget\" data-widget_type=\"heading.default\">\n\t\t\t\t<div class=\"elementor-widget-container\">\n\t\t\t\t\t<h4 class=\"elementor-heading-title elementor-size-default\">Je vous invite \u00e0 regarder de belles photos de mariage<\/h4>\t\t\t\t<\/div>\n\t\t\t\t<\/div>\n\t\t\t\t\t<\/div>\n\t\t<\/div>\n\t\t\t\t\t<\/div>\n\t\t<\/section>\n\t\t\t\t<section class=\"elementor-section elementor-top-section elementor-element elementor-element-d6c5e45 elementor-section-boxed elementor-section-height-default elementor-section-height-default\" data-id=\"d6c5e45\" data-element_type=\"section\" data-e-type=\"section\">\n\t\t\t\t\t\t<div class=\"elementor-container elementor-column-gap-default\">\n\t\t\t\t\t<div class=\"elementor-column elementor-col-100 elementor-top-column elementor-element elementor-element-f749319\" data-id=\"f749319\" data-element_type=\"column\" data-e-type=\"column\">\n\t\t\t<div class=\"elementor-widget-wrap elementor-element-populated\">\n\t\t\t\t\t\t<div class=\"elementor-element elementor-element-c1b3a43 elementor-widget elementor-widget-gallery\" data-id=\"c1b3a43\" data-element_type=\"widget\" data-e-type=\"widget\" data-settings=\"{&quot;gallery_layout&quot;:&quot;masonry&quot;,&quot;lazyload&quot;:&quot;yes&quot;,&quot;columns&quot;:4,&quot;columns_tablet&quot;:2,&quot;columns_mobile&quot;:1,&quot;gap&quot;:{&quot;unit&quot;:&quot;px&quot;,&quot;size&quot;:10,&quot;sizes&quot;:[]},&quot;gap_tablet&quot;:{&quot;unit&quot;:&quot;px&quot;,&quot;size&quot;:10,&quot;sizes&quot;:[]},&quot;gap_mobile&quot;:{&quot;unit&quot;:&quot;px&quot;,&quot;size&quot;:10,&quot;sizes&quot;:[]},&quot;link_to&quot;:&quot;file&quot;,&quot;overlay_background&quot;:&quot;yes&quot;,&quot;content_hover_animation&quot;:&quot;fade-in&quot;}\" data-widget_type=\"gallery.default\">\n\t\t\t\t<div class=\"elementor-widget-container\">\n\t\t\t\t\t\t\t<div class=\"elementor-gallery__container\">\n\t\t\t\t\t\t\t<a class=\"e-gallery-item elementor-gallery-item elementor-animated-content\" href=\"https:\/\/navidnasri.com\/wp-content\/uploads\/2021\/09\/DSC02048-1.jpg\" data-elementor-open-lightbox=\"yes\" data-elementor-lightbox-slideshow=\"c1b3a43\" data-elementor-lightbox-title=\"Wedding\" data-elementor-lightbox-description=\"wedding photography in Italy\" data-e-action-hash=\"#elementor-action%3Aaction%3Dlightbox%26settings%3DeyJpZCI6MjYyLCJ1cmwiOiJodHRwczpcL1wvbmF2aWRuYXNyaS5jb21cL3dwLWNvbnRlbnRcL3VwbG9hZHNcLzIwMjFcLzA5XC9EU0MwMjA0OC0xLmpwZyIsInNsaWRlc2hvdyI6ImMxYjNhNDMifQ%3D%3D\">\n\t\t\t\t\t<div class=\"e-gallery-image elementor-gallery-item__image\" data-thumbnail=\"https:\/\/navidnasri.com\/wp-content\/uploads\/2021\/09\/DSC02048-1-700x770.jpg\" data-width=\"700\" data-height=\"770\" aria-label=\"\" role=\"img\" ><\/div>\n\t\t\t\t\t\t\t\t\t\t\t<div class=\"elementor-gallery-item__overlay\"><\/div>\n\t\t\t\t\t\t\t\t\t\t\t\t\t\t<\/a>\n\t\t\t\t\t\t\t<a class=\"e-gallery-item elementor-gallery-item elementor-animated-content\" href=\"https:\/\/navidnasri.com\/wp-content\/uploads\/2021\/09\/DSC01968-2.jpg\" data-elementor-open-lightbox=\"yes\" data-elementor-lightbox-slideshow=\"c1b3a43\" data-elementor-lightbox-title=\"Wedding\" data-elementor-lightbox-description=\"wedding photography in Italy\" data-e-action-hash=\"#elementor-action%3Aaction%3Dlightbox%26settings%3DeyJpZCI6MjYwLCJ1cmwiOiJodHRwczpcL1wvbmF2aWRuYXNyaS5jb21cL3dwLWNvbnRlbnRcL3VwbG9hZHNcLzIwMjFcLzA5XC9EU0MwMTk2OC0yLmpwZyIsInNsaWRlc2hvdyI6ImMxYjNhNDMifQ%3D%3D\">\n\t\t\t\t\t<div class=\"e-gallery-image elementor-gallery-item__image\" data-thumbnail=\"https:\/\/navidnasri.com\/wp-content\/uploads\/2021\/09\/DSC01968-2-700x770.jpg\" data-width=\"700\" data-height=\"770\" aria-label=\"\" role=\"img\" ><\/div>\n\t\t\t\t\t\t\t\t\t\t\t<div class=\"elementor-gallery-item__overlay\"><\/div>\n\t\t\t\t\t\t\t\t\t\t\t\t\t\t<\/a>\n\t\t\t\t\t\t\t<a class=\"e-gallery-item elementor-gallery-item elementor-animated-content\" href=\"https:\/\/navidnasri.com\/wp-content\/uploads\/2021\/09\/DSC00509-1.jpg\" data-elementor-open-lightbox=\"yes\" data-elementor-lightbox-slideshow=\"c1b3a43\" data-elementor-lightbox-title=\"Wedding\" data-elementor-lightbox-description=\"wedding photography in Italy\" data-e-action-hash=\"#elementor-action%3Aaction%3Dlightbox%26settings%3DeyJpZCI6NDMwLCJ1cmwiOiJodHRwczpcL1wvbmF2aWRuYXNyaS5jb21cL3dwLWNvbnRlbnRcL3VwbG9hZHNcLzIwMjFcLzA5XC9EU0MwMDUwOS0xLmpwZyIsInNsaWRlc2hvdyI6ImMxYjNhNDMifQ%3D%3D\">\n\t\t\t\t\t<div class=\"e-gallery-image elementor-gallery-item__image\" data-thumbnail=\"https:\/\/navidnasri.com\/wp-content\/uploads\/2021\/09\/DSC00509-1-700x770.jpg\" data-width=\"700\" data-height=\"770\" aria-label=\"\" role=\"img\" ><\/div>\n\t\t\t\t\t\t\t\t\t\t\t<div class=\"elementor-gallery-item__overlay\"><\/div>\n\t\t\t\t\t\t\t\t\t\t\t\t\t\t<\/a>\n\t\t\t\t\t\t\t<a class=\"e-gallery-item elementor-gallery-item elementor-animated-content\" href=\"https:\/\/navidnasri.com\/wp-content\/uploads\/2021\/09\/DSC01695-1.jpg\" data-elementor-open-lightbox=\"yes\" data-elementor-lightbox-slideshow=\"c1b3a43\" data-elementor-lightbox-title=\"Wedding\" data-elementor-lightbox-description=\"wedding photography in Italy\" data-e-action-hash=\"#elementor-action%3Aaction%3Dlightbox%26settings%3DeyJpZCI6NDMxLCJ1cmwiOiJodHRwczpcL1wvbmF2aWRuYXNyaS5jb21cL3dwLWNvbnRlbnRcL3VwbG9hZHNcLzIwMjFcLzA5XC9EU0MwMTY5NS0xLmpwZyIsInNsaWRlc2hvdyI6ImMxYjNhNDMifQ%3D%3D\">\n\t\t\t\t\t<div class=\"e-gallery-image elementor-gallery-item__image\" data-thumbnail=\"https:\/\/navidnasri.com\/wp-content\/uploads\/2021\/09\/DSC01695-1-700x770.jpg\" data-width=\"700\" data-height=\"770\" aria-label=\"\" role=\"img\" ><\/div>\n\t\t\t\t\t\t\t\t\t\t\t<div class=\"elementor-gallery-item__overlay\"><\/div>\n\t\t\t\t\t\t\t\t\t\t\t\t\t\t<\/a>\n\t\t\t\t\t\t\t<a class=\"e-gallery-item elementor-gallery-item elementor-animated-content\" href=\"https:\/\/navidnasri.com\/wp-content\/uploads\/2021\/09\/DSC00559-2.jpg\" data-elementor-open-lightbox=\"yes\" data-elementor-lightbox-slideshow=\"c1b3a43\" data-elementor-lightbox-title=\"Wedding\" data-elementor-lightbox-description=\"wedding photography in Italy\" data-e-action-hash=\"#elementor-action%3Aaction%3Dlightbox%26settings%3DeyJpZCI6NDI5LCJ1cmwiOiJodHRwczpcL1wvbmF2aWRuYXNyaS5jb21cL3dwLWNvbnRlbnRcL3VwbG9hZHNcLzIwMjFcLzA5XC9EU0MwMDU1OS0yLmpwZyIsInNsaWRlc2hvdyI6ImMxYjNhNDMifQ%3D%3D\">\n\t\t\t\t\t<div class=\"e-gallery-image elementor-gallery-item__image\" data-thumbnail=\"https:\/\/navidnasri.com\/wp-content\/uploads\/2021\/09\/DSC00559-2-700x770.jpg\" data-width=\"700\" data-height=\"770\" aria-label=\"\" role=\"img\" ><\/div>\n\t\t\t\t\t\t\t\t\t\t\t<div class=\"elementor-gallery-item__overlay\"><\/div>\n\t\t\t\t\t\t\t\t\t\t\t\t\t\t<\/a>\n\t\t\t\t\t\t\t<a class=\"e-gallery-item elementor-gallery-item elementor-animated-content\" href=\"https:\/\/navidnasri.com\/wp-content\/uploads\/2021\/09\/pre-wedding-g1.jpg\" data-elementor-open-lightbox=\"yes\" data-elementor-lightbox-slideshow=\"c1b3a43\" data-elementor-lightbox-title=\"Engagement\" data-elementor-lightbox-description=\"engagement photography in Lyon\" data-e-action-hash=\"#elementor-action%3Aaction%3Dlightbox%26settings%3DeyJpZCI6MjY2LCJ1cmwiOiJodHRwczpcL1wvbmF2aWRuYXNyaS5jb21cL3dwLWNvbnRlbnRcL3VwbG9hZHNcLzIwMjFcLzA5XC9wcmUtd2VkZGluZy1nMS5qcGciLCJzbGlkZXNob3ciOiJjMWIzYTQzIn0%3D\">\n\t\t\t\t\t<div class=\"e-gallery-image elementor-gallery-item__image\" data-thumbnail=\"https:\/\/navidnasri.com\/wp-content\/uploads\/2021\/09\/pre-wedding-g1-700x770.jpg\" data-width=\"700\" data-height=\"770\" aria-label=\"Wedding & Pre Wedding\" role=\"img\" ><\/div>\n\t\t\t\t\t\t\t\t\t\t\t<div class=\"elementor-gallery-item__overlay\"><\/div>\n\t\t\t\t\t\t\t\t\t\t\t\t\t\t<\/a>\n\t\t\t\t\t\t\t<a class=\"e-gallery-item elementor-gallery-item elementor-animated-content\" href=\"https:\/\/navidnasri.com\/wp-content\/uploads\/2021\/09\/pre-wedding-g7.jpg\" data-elementor-open-lightbox=\"yes\" data-elementor-lightbox-slideshow=\"c1b3a43\" data-elementor-lightbox-title=\"Engagement\" data-elementor-lightbox-description=\"engagement photography in Lyon\" data-e-action-hash=\"#elementor-action%3Aaction%3Dlightbox%26settings%3DeyJpZCI6MjY3LCJ1cmwiOiJodHRwczpcL1wvbmF2aWRuYXNyaS5jb21cL3dwLWNvbnRlbnRcL3VwbG9hZHNcLzIwMjFcLzA5XC9wcmUtd2VkZGluZy1nNy5qcGciLCJzbGlkZXNob3ciOiJjMWIzYTQzIn0%3D\">\n\t\t\t\t\t<div class=\"e-gallery-image elementor-gallery-item__image\" data-thumbnail=\"https:\/\/navidnasri.com\/wp-content\/uploads\/2021\/09\/pre-wedding-g7-700x770.jpg\" data-width=\"700\" data-height=\"770\" aria-label=\"Wedding & Pre Wedding\" role=\"img\" ><\/div>\n\t\t\t\t\t\t\t\t\t\t\t<div class=\"elementor-gallery-item__overlay\"><\/div>\n\t\t\t\t\t\t\t\t\t\t\t\t\t\t<\/a>\n\t\t\t\t\t\t\t<a class=\"e-gallery-item elementor-gallery-item elementor-animated-content\" href=\"https:\/\/navidnasri.com\/wp-content\/uploads\/2021\/09\/pre-wedding-g2.jpg\" data-elementor-open-lightbox=\"yes\" data-elementor-lightbox-slideshow=\"c1b3a43\" data-elementor-lightbox-title=\"Engagement\" data-elementor-lightbox-description=\"engagement photography in Lyon\" data-e-action-hash=\"#elementor-action%3Aaction%3Dlightbox%26settings%3DeyJpZCI6NDM1LCJ1cmwiOiJodHRwczpcL1wvbmF2aWRuYXNyaS5jb21cL3dwLWNvbnRlbnRcL3VwbG9hZHNcLzIwMjFcLzA5XC9wcmUtd2VkZGluZy1nMi5qcGciLCJzbGlkZXNob3ciOiJjMWIzYTQzIn0%3D\">\n\t\t\t\t\t<div class=\"e-gallery-image elementor-gallery-item__image\" data-thumbnail=\"https:\/\/navidnasri.com\/wp-content\/uploads\/2021\/09\/pre-wedding-g2-700x770.jpg\" data-width=\"700\" data-height=\"770\" aria-label=\"\" role=\"img\" ><\/div>\n\t\t\t\t\t\t\t\t\t\t\t<div class=\"elementor-gallery-item__overlay\"><\/div>\n\t\t\t\t\t\t\t\t\t\t\t\t\t\t<\/a>\n\t\t\t\t\t\t\t<a class=\"e-gallery-item elementor-gallery-item elementor-animated-content\" href=\"https:\/\/navidnasri.com\/wp-content\/uploads\/2021\/09\/pre-wedding-g4.jpg\" data-elementor-open-lightbox=\"yes\" data-elementor-lightbox-slideshow=\"c1b3a43\" data-elementor-lightbox-title=\"Engagement\" data-elementor-lightbox-description=\"engagement photography in Lyon\" data-e-action-hash=\"#elementor-action%3Aaction%3Dlightbox%26settings%3DeyJpZCI6NDM5LCJ1cmwiOiJodHRwczpcL1wvbmF2aWRuYXNyaS5jb21cL3dwLWNvbnRlbnRcL3VwbG9hZHNcLzIwMjFcLzA5XC9wcmUtd2VkZGluZy1nNC5qcGciLCJzbGlkZXNob3ciOiJjMWIzYTQzIn0%3D\">\n\t\t\t\t\t<div class=\"e-gallery-image elementor-gallery-item__image\" data-thumbnail=\"https:\/\/navidnasri.com\/wp-content\/uploads\/2021\/09\/pre-wedding-g4-700x770.jpg\" data-width=\"700\" data-height=\"770\" aria-label=\"\" role=\"img\" ><\/div>\n\t\t\t\t\t\t\t\t\t\t\t<div class=\"elementor-gallery-item__overlay\"><\/div>\n\t\t\t\t\t\t\t\t\t\t\t\t\t\t<\/a>\n\t\t\t\t\t\t\t<a class=\"e-gallery-item elementor-gallery-item elementor-animated-content\" href=\"https:\/\/navidnasri.com\/wp-content\/uploads\/2021\/09\/IMG_0199.jpg\" data-elementor-open-lightbox=\"yes\" data-elementor-lightbox-slideshow=\"c1b3a43\" data-elementor-lightbox-title=\"Wedding\" data-elementor-lightbox-description=\"weddings photography in como lake in italy\" data-e-action-hash=\"#elementor-action%3Aaction%3Dlightbox%26settings%3DeyJpZCI6NDQ5LCJ1cmwiOiJodHRwczpcL1wvbmF2aWRuYXNyaS5jb21cL3dwLWNvbnRlbnRcL3VwbG9hZHNcLzIwMjFcLzA5XC9JTUdfMDE5OS5qcGciLCJzbGlkZXNob3ciOiJjMWIzYTQzIn0%3D\">\n\t\t\t\t\t<div class=\"e-gallery-image elementor-gallery-item__image\" data-thumbnail=\"https:\/\/navidnasri.com\/wp-content\/uploads\/2021\/09\/IMG_0199-700x770.jpg\" data-width=\"700\" data-height=\"770\" aria-label=\"\" role=\"img\" ><\/div>\n\t\t\t\t\t\t\t\t\t\t\t<div class=\"elementor-gallery-item__overlay\"><\/div>\n\t\t\t\t\t\t\t\t\t\t\t\t\t\t<\/a>\n\t\t\t\t\t\t\t<a class=\"e-gallery-item elementor-gallery-item elementor-animated-content\" href=\"https:\/\/navidnasri.com\/wp-content\/uploads\/2021\/09\/IMG_0200.jpg\" data-elementor-open-lightbox=\"yes\" data-elementor-lightbox-slideshow=\"c1b3a43\" data-elementor-lightbox-title=\"Wedding\" data-elementor-lightbox-description=\"weddings photography in como lake in italy\" data-e-action-hash=\"#elementor-action%3Aaction%3Dlightbox%26settings%3DeyJpZCI6NDUwLCJ1cmwiOiJodHRwczpcL1wvbmF2aWRuYXNyaS5jb21cL3dwLWNvbnRlbnRcL3VwbG9hZHNcLzIwMjFcLzA5XC9JTUdfMDIwMC5qcGciLCJzbGlkZXNob3ciOiJjMWIzYTQzIn0%3D\">\n\t\t\t\t\t<div class=\"e-gallery-image elementor-gallery-item__image\" data-thumbnail=\"https:\/\/navidnasri.com\/wp-content\/uploads\/2021\/09\/IMG_0200-700x770.jpg\" data-width=\"700\" data-height=\"770\" aria-label=\"\" role=\"img\" ><\/div>\n\t\t\t\t\t\t\t\t\t\t\t<div class=\"elementor-gallery-item__overlay\"><\/div>\n\t\t\t\t\t\t\t\t\t\t\t\t\t\t<\/a>\n\t\t\t\t\t\t\t<a class=\"e-gallery-item elementor-gallery-item elementor-animated-content\" href=\"https:\/\/navidnasri.com\/wp-content\/uploads\/2021\/09\/IMG_0201.jpg\" data-elementor-open-lightbox=\"yes\" data-elementor-lightbox-slideshow=\"c1b3a43\" data-elementor-lightbox-title=\"Wedding\" data-elementor-lightbox-description=\"weddings photography in como lake in italy\" data-e-action-hash=\"#elementor-action%3Aaction%3Dlightbox%26settings%3DeyJpZCI6NDUxLCJ1cmwiOiJodHRwczpcL1wvbmF2aWRuYXNyaS5jb21cL3dwLWNvbnRlbnRcL3VwbG9hZHNcLzIwMjFcLzA5XC9JTUdfMDIwMS5qcGciLCJzbGlkZXNob3ciOiJjMWIzYTQzIn0%3D\">\n\t\t\t\t\t<div class=\"e-gallery-image elementor-gallery-item__image\" data-thumbnail=\"https:\/\/navidnasri.com\/wp-content\/uploads\/2021\/09\/IMG_0201-700x770.jpg\" data-width=\"700\" data-height=\"770\" aria-label=\"\" role=\"img\" ><\/div>\n\t\t\t\t\t\t\t\t\t\t\t<div class=\"elementor-gallery-item__overlay\"><\/div>\n\t\t\t\t\t\t\t\t\t\t\t\t\t\t<\/a>\n\t\t\t\t\t\t\t<a class=\"e-gallery-item elementor-gallery-item elementor-animated-content\" href=\"https:\/\/navidnasri.com\/wp-content\/uploads\/2021\/09\/IMG_0202.jpg\" data-elementor-open-lightbox=\"yes\" data-elementor-lightbox-slideshow=\"c1b3a43\" data-elementor-lightbox-title=\"Wedding\" data-elementor-lightbox-description=\"weddings photography in como lake in italy\" data-e-action-hash=\"#elementor-action%3Aaction%3Dlightbox%26settings%3DeyJpZCI6NDUyLCJ1cmwiOiJodHRwczpcL1wvbmF2aWRuYXNyaS5jb21cL3dwLWNvbnRlbnRcL3VwbG9hZHNcLzIwMjFcLzA5XC9JTUdfMDIwMi5qcGciLCJzbGlkZXNob3ciOiJjMWIzYTQzIn0%3D\">\n\t\t\t\t\t<div class=\"e-gallery-image elementor-gallery-item__image\" data-thumbnail=\"https:\/\/navidnasri.com\/wp-content\/uploads\/2021\/09\/IMG_0202-700x770.jpg\" data-width=\"700\" data-height=\"770\" aria-label=\"\" role=\"img\" ><\/div>\n\t\t\t\t\t\t\t\t\t\t\t<div class=\"elementor-gallery-item__overlay\"><\/div>\n\t\t\t\t\t\t\t\t\t\t\t\t\t\t<\/a>\n\t\t\t\t\t\t\t<a class=\"e-gallery-item elementor-gallery-item elementor-animated-content\" href=\"https:\/\/navidnasri.com\/wp-content\/uploads\/2021\/09\/IMG_0203.jpg\" data-elementor-open-lightbox=\"yes\" data-elementor-lightbox-slideshow=\"c1b3a43\" data-elementor-lightbox-title=\"Wedding\" data-elementor-lightbox-description=\"weddings photography in como lake in italy\" data-e-action-hash=\"#elementor-action%3Aaction%3Dlightbox%26settings%3DeyJpZCI6NDUzLCJ1cmwiOiJodHRwczpcL1wvbmF2aWRuYXNyaS5jb21cL3dwLWNvbnRlbnRcL3VwbG9hZHNcLzIwMjFcLzA5XC9JTUdfMDIwMy5qcGciLCJzbGlkZXNob3ciOiJjMWIzYTQzIn0%3D\">\n\t\t\t\t\t<div class=\"e-gallery-image elementor-gallery-item__image\" data-thumbnail=\"https:\/\/navidnasri.com\/wp-content\/uploads\/2021\/09\/IMG_0203-700x770.jpg\" data-width=\"700\" data-height=\"770\" aria-label=\"\" role=\"img\" ><\/div>\n\t\t\t\t\t\t\t\t\t\t\t<div class=\"elementor-gallery-item__overlay\"><\/div>\n\t\t\t\t\t\t\t\t\t\t\t\t\t\t<\/a>\n\t\t\t\t\t\t\t<a class=\"e-gallery-item elementor-gallery-item elementor-animated-content\" href=\"https:\/\/navidnasri.com\/wp-content\/uploads\/2021\/09\/IMG_0204.jpg\" data-elementor-open-lightbox=\"yes\" data-elementor-lightbox-slideshow=\"c1b3a43\" data-elementor-lightbox-title=\"Wedding\" data-elementor-lightbox-description=\"weddings photography in como lake in italy\" data-e-action-hash=\"#elementor-action%3Aaction%3Dlightbox%26settings%3DeyJpZCI6NDU0LCJ1cmwiOiJodHRwczpcL1wvbmF2aWRuYXNyaS5jb21cL3dwLWNvbnRlbnRcL3VwbG9hZHNcLzIwMjFcLzA5XC9JTUdfMDIwNC5qcGciLCJzbGlkZXNob3ciOiJjMWIzYTQzIn0%3D\">\n\t\t\t\t\t<div class=\"e-gallery-image elementor-gallery-item__image\" data-thumbnail=\"https:\/\/navidnasri.com\/wp-content\/uploads\/2021\/09\/IMG_0204-700x770.jpg\" data-width=\"700\" data-height=\"770\" aria-label=\"\" role=\"img\" ><\/div>\n\t\t\t\t\t\t\t\t\t\t\t<div class=\"elementor-gallery-item__overlay\"><\/div>\n\t\t\t\t\t\t\t\t\t\t\t\t\t\t<\/a>\n\t\t\t\t\t\t\t<a class=\"e-gallery-item elementor-gallery-item elementor-animated-content\" href=\"https:\/\/navidnasri.com\/wp-content\/uploads\/2021\/09\/IMG_0206.jpg\" data-elementor-open-lightbox=\"yes\" data-elementor-lightbox-slideshow=\"c1b3a43\" data-elementor-lightbox-title=\"Wedding\" data-elementor-lightbox-description=\"weddings photography in como lake in italy\" data-e-action-hash=\"#elementor-action%3Aaction%3Dlightbox%26settings%3DeyJpZCI6NDU1LCJ1cmwiOiJodHRwczpcL1wvbmF2aWRuYXNyaS5jb21cL3dwLWNvbnRlbnRcL3VwbG9hZHNcLzIwMjFcLzA5XC9JTUdfMDIwNi5qcGciLCJzbGlkZXNob3ciOiJjMWIzYTQzIn0%3D\">\n\t\t\t\t\t<div class=\"e-gallery-image elementor-gallery-item__image\" data-thumbnail=\"https:\/\/navidnasri.com\/wp-content\/uploads\/2021\/09\/IMG_0206-700x770.jpg\" data-width=\"700\" data-height=\"770\" aria-label=\"\" role=\"img\" ><\/div>\n\t\t\t\t\t\t\t\t\t\t\t<div class=\"elementor-gallery-item__overlay\"><\/div>\n\t\t\t\t\t\t\t\t\t\t\t\t\t\t<\/a>\n\t\t\t\t\t<\/div>\n\t\t\t\t\t<\/div>\n\t\t\t\t<\/div>\n\t\t\t\t\t<\/div>\n\t\t<\/div>\n\t\t\t\t\t<\/div>\n\t\t<\/section>\n\t\t\t\t<\/div>\n\t\t","protected":false},"excerpt":{"rendered":"<p>Mariage et pr\u00e9-mariage En tant que photographe de votre mariage, ma mission est de cr\u00e9er des photos magnifiques, intemporelles et naturelles que vous pourrez ch\u00e9rir \u00e0 jamais. Un pr\u00e9-shoot est une courte s\u00e9ance de photos avec votre photographe de mariage environ trois \u00e0 six mois avant votre mariage. L\u2019objectif principal de cette s\u00e9ance est de vous habituer \u00e0 \u00eatre devant l\u2019appareil photo, d\u2019\u00e9tablir une relation avec votre photographe et de recevoir un bel ensemble de photos romantiques bien avant votre [&hellip;]<\/p>\n","protected":false},"author":1,"featured_media":0,"parent":0,"menu_order":0,"comment_status":"closed","ping_status":"closed","template":"","meta":{"footnotes":""},"class_list":["post-714","page","type-page","status-publish","hentry"],"_links":{"self":[{"href":"https:\/\/navidnasri.com\/fr\/wp-json\/wp\/v2\/pages\/714","targetHints":{"allow":["GET"]}}],"collection":[{"href":"https:\/\/navidnasri.com\/fr\/wp-json\/wp\/v2\/pages"}],"about":[{"href":"https:\/\/navidnasri.com\/fr\/wp-json\/wp\/v2\/types\/page"}],"author":[{"embeddable":true,"href":"https:\/\/navidnasri.com\/fr\/wp-json\/wp\/v2\/users\/1"}],"replies":[{"embeddable":true,"href":"https:\/\/navidnasri.com\/fr\/wp-json\/wp\/v2\/comments?post=714"}],"version-history":[{"count":7,"href":"https:\/\/navidnasri.com\/fr\/wp-json\/wp\/v2\/pages\/714\/revisions"}],"predecessor-version":[{"id":733,"href":"https:\/\/navidnasri.com\/fr\/wp-json\/wp\/v2\/pages\/714\/revisions\/733"}],"wp:attachment":[{"href":"https:\/\/navidnasri.com\/fr\/wp-json\/wp\/v2\/media?parent=714"}],"curies":[{"name":"wp","href":"https:\/\/api.w.org\/{rel}","templated":true}]}}