{"id":734,"date":"2021-09-23T23:31:44","date_gmt":"2021-09-23T23:31:44","guid":{"rendered":"https:\/\/navidnasri.com\/?page_id=734"},"modified":"2021-09-23T23:33:13","modified_gmt":"2021-09-23T23:33:13","slug":"produits","status":"publish","type":"page","link":"https:\/\/navidnasri.com\/fr\/produits\/","title":{"rendered":"Produits"},"content":{"rendered":"\t\t<div data-elementor-type=\"wp-page\" data-elementor-id=\"734\" class=\"elementor elementor-734\" data-elementor-post-type=\"page\">\n\t\t\t\t\t\t<section class=\"elementor-section elementor-top-section elementor-element elementor-element-3c3d5de elementor-section-boxed elementor-section-height-default elementor-section-height-default\" data-id=\"3c3d5de\" data-element_type=\"section\" data-e-type=\"section\">\n\t\t\t\t\t\t<div class=\"elementor-container elementor-column-gap-default\">\n\t\t\t\t\t<div class=\"elementor-column elementor-col-50 elementor-top-column elementor-element elementor-element-b404a8b\" data-id=\"b404a8b\" data-element_type=\"column\" data-e-type=\"column\">\n\t\t\t<div class=\"elementor-widget-wrap elementor-element-populated\">\n\t\t\t\t\t\t<div class=\"elementor-element elementor-element-7d175f3 elementor-widget elementor-widget-image\" data-id=\"7d175f3\" data-element_type=\"widget\" data-e-type=\"widget\" data-widget_type=\"image.default\">\n\t\t\t\t<div class=\"elementor-widget-container\">\n\t\t\t\t\t\t\t\t\t\t\t\t\t\t\t<img fetchpriority=\"high\" decoding=\"async\" width=\"683\" height=\"1024\" src=\"https:\/\/navidnasri.com\/wp-content\/uploads\/2021\/09\/KERLASH-683x1024.jpg\" class=\"attachment-large size-large wp-image-519\" alt=\"Product photography\" srcset=\"https:\/\/navidnasri.com\/wp-content\/uploads\/2021\/09\/KERLASH-683x1024.jpg 683w, https:\/\/navidnasri.com\/wp-content\/uploads\/2021\/09\/KERLASH-200x300.jpg 200w, https:\/\/navidnasri.com\/wp-content\/uploads\/2021\/09\/KERLASH.jpg 700w\" sizes=\"(max-width: 683px) 100vw, 683px\" \/>\t\t\t\t\t\t\t\t\t\t\t\t\t\t\t<\/div>\n\t\t\t\t<\/div>\n\t\t\t\t\t<\/div>\n\t\t<\/div>\n\t\t\t\t<div class=\"elementor-column elementor-col-50 elementor-top-column elementor-element elementor-element-a930f3f\" data-id=\"a930f3f\" data-element_type=\"column\" data-e-type=\"column\">\n\t\t\t<div class=\"elementor-widget-wrap elementor-element-populated\">\n\t\t\t\t\t\t<div class=\"elementor-element elementor-element-8b846b8 elementor-widget elementor-widget-text-editor\" data-id=\"8b846b8\" data-element_type=\"widget\" data-e-type=\"widget\" data-widget_type=\"text-editor.default\">\n\t\t\t\t<div class=\"elementor-widget-container\">\n\t\t\t\t\t\t\t\t\t<h4>Produits<\/h4><p>La valeur per\u00e7ue de vos produits et la fiabilit\u00e9 de votre marque sont souvent jug\u00e9es en fonction de la qualit\u00e9 de votre pr\u00e9sentation visuelle. Cela signifie qu&rsquo;avoir de belles photos de produits haut de gamme peut \u00eatre tr\u00e8s utile. Je vous accompagne sur ce chemin pour donner \u00e0 votre public des photos claires et accrocheuses de vos produits.<br \/>La photographie de produit vous en dit beaucoup sur l&rsquo;article, de la taille, la forme, la couleur, et m\u00eame comment il est utilis\u00e9. Je travaille sur diff\u00e9rents types de photographies de produits.<\/p><p>De la simple photo de produit en studio \u00e0 l&rsquo;approche lifestyle, en passant par les produits en action, les photos de groupe d&rsquo;une ligne de produits, les emballages de produits, etc. J&rsquo;utilise des strat\u00e9gies et des techniques sp\u00e9cifiques pour capturer des images de vos produits. La photographie de produits permet \u00e0 vos clients de voir les d\u00e9tails de votre marchandise et les incite \u00e0 acheter. Vous utiliserez ces photos non seulement sur vos pages de produits, mais aussi dans vos campagnes de marketing et sur les m\u00e9dias sociaux.<\/p>\t\t\t\t\t\t\t\t<\/div>\n\t\t\t\t<\/div>\n\t\t\t\t\t<\/div>\n\t\t<\/div>\n\t\t\t\t\t<\/div>\n\t\t<\/section>\n\t\t\t\t<section class=\"elementor-section elementor-top-section elementor-element elementor-element-8dd7b8e elementor-section-boxed elementor-section-height-default elementor-section-height-default\" data-id=\"8dd7b8e\" data-element_type=\"section\" data-e-type=\"section\">\n\t\t\t\t\t\t<div class=\"elementor-container elementor-column-gap-default\">\n\t\t\t\t\t<div class=\"elementor-column elementor-col-100 elementor-top-column elementor-element elementor-element-5efb434\" data-id=\"5efb434\" data-element_type=\"column\" data-e-type=\"column\">\n\t\t\t<div class=\"elementor-widget-wrap elementor-element-populated\">\n\t\t\t\t\t\t<div class=\"elementor-element elementor-element-021cb83 elementor-widget elementor-widget-heading\" data-id=\"021cb83\" data-element_type=\"widget\" data-e-type=\"widget\" data-widget_type=\"heading.default\">\n\t\t\t\t<div class=\"elementor-widget-container\">\n\t\t\t\t\t<h4 class=\"elementor-heading-title elementor-size-default\">Je vous invite \u00e0 regarder les photos de produits.<\/h4>\t\t\t\t<\/div>\n\t\t\t\t<\/div>\n\t\t\t\t\t<\/div>\n\t\t<\/div>\n\t\t\t\t\t<\/div>\n\t\t<\/section>\n\t\t\t\t<section class=\"elementor-section elementor-top-section elementor-element elementor-element-57d25ad elementor-section-boxed elementor-section-height-default elementor-section-height-default\" data-id=\"57d25ad\" data-element_type=\"section\" data-e-type=\"section\">\n\t\t\t\t\t\t<div class=\"elementor-container elementor-column-gap-default\">\n\t\t\t\t\t<div class=\"elementor-column elementor-col-100 elementor-top-column elementor-element elementor-element-5349b4a\" data-id=\"5349b4a\" data-element_type=\"column\" data-e-type=\"column\">\n\t\t\t<div class=\"elementor-widget-wrap elementor-element-populated\">\n\t\t\t\t\t\t<div class=\"elementor-element elementor-element-7ee99bc elementor-widget elementor-widget-gallery\" data-id=\"7ee99bc\" data-element_type=\"widget\" data-e-type=\"widget\" data-settings=\"{&quot;gallery_layout&quot;:&quot;masonry&quot;,&quot;lazyload&quot;:&quot;yes&quot;,&quot;columns&quot;:4,&quot;columns_tablet&quot;:2,&quot;columns_mobile&quot;:1,&quot;gap&quot;:{&quot;unit&quot;:&quot;px&quot;,&quot;size&quot;:10,&quot;sizes&quot;:[]},&quot;gap_tablet&quot;:{&quot;unit&quot;:&quot;px&quot;,&quot;size&quot;:10,&quot;sizes&quot;:[]},&quot;gap_mobile&quot;:{&quot;unit&quot;:&quot;px&quot;,&quot;size&quot;:10,&quot;sizes&quot;:[]},&quot;link_to&quot;:&quot;file&quot;,&quot;overlay_background&quot;:&quot;yes&quot;,&quot;content_hover_animation&quot;:&quot;fade-in&quot;}\" data-widget_type=\"gallery.default\">\n\t\t\t\t<div class=\"elementor-widget-container\">\n\t\t\t\t\t\t\t<div class=\"elementor-gallery__container\">\n\t\t\t\t\t\t\t<a class=\"e-gallery-item elementor-gallery-item elementor-animated-content\" href=\"https:\/\/navidnasri.com\/wp-content\/uploads\/2021\/09\/VELVET.jpg\" data-elementor-open-lightbox=\"yes\" data-elementor-lightbox-slideshow=\"7ee99bc\" data-elementor-lightbox-title=\"VELVET\" data-e-action-hash=\"#elementor-action%3Aaction%3Dlightbox%26settings%3DeyJpZCI6NTM2LCJ1cmwiOiJodHRwczpcL1wvbmF2aWRuYXNyaS5jb21cL3dwLWNvbnRlbnRcL3VwbG9hZHNcLzIwMjFcLzA5XC9WRUxWRVQuanBnIiwic2xpZGVzaG93IjoiN2VlOTliYyJ9\">\n\t\t\t\t\t<div class=\"e-gallery-image elementor-gallery-item__image\" data-thumbnail=\"https:\/\/navidnasri.com\/wp-content\/uploads\/2021\/09\/VELVET-700x770.jpg\" data-width=\"700\" data-height=\"770\" aria-label=\"\" role=\"img\" ><\/div>\n\t\t\t\t\t\t\t\t\t\t\t<div class=\"elementor-gallery-item__overlay\"><\/div>\n\t\t\t\t\t\t\t\t\t\t\t\t\t\t<\/a>\n\t\t\t\t\t\t\t<a class=\"e-gallery-item elementor-gallery-item elementor-animated-content\" href=\"https:\/\/navidnasri.com\/wp-content\/uploads\/2021\/09\/KERLASH2.jpg\" data-elementor-open-lightbox=\"yes\" data-elementor-lightbox-slideshow=\"7ee99bc\" data-elementor-lightbox-title=\"Products\" data-e-action-hash=\"#elementor-action%3Aaction%3Dlightbox%26settings%3DeyJpZCI6MjgwLCJ1cmwiOiJodHRwczpcL1wvbmF2aWRuYXNyaS5jb21cL3dwLWNvbnRlbnRcL3VwbG9hZHNcLzIwMjFcLzA5XC9LRVJMQVNIMi5qcGciLCJzbGlkZXNob3ciOiI3ZWU5OWJjIn0%3D\">\n\t\t\t\t\t<div class=\"e-gallery-image elementor-gallery-item__image\" data-thumbnail=\"https:\/\/navidnasri.com\/wp-content\/uploads\/2021\/09\/KERLASH2-700x770.jpg\" data-width=\"700\" data-height=\"770\" aria-label=\"Products\" role=\"img\" ><\/div>\n\t\t\t\t\t\t\t\t\t\t\t<div class=\"elementor-gallery-item__overlay\"><\/div>\n\t\t\t\t\t\t\t\t\t\t\t\t\t\t<\/a>\n\t\t\t\t\t\t\t<a class=\"e-gallery-item elementor-gallery-item elementor-animated-content\" href=\"https:\/\/navidnasri.com\/wp-content\/uploads\/2021\/09\/040A6812.jpg\" data-elementor-open-lightbox=\"yes\" data-elementor-lightbox-slideshow=\"7ee99bc\" data-elementor-lightbox-title=\"040A6812\" data-e-action-hash=\"#elementor-action%3Aaction%3Dlightbox%26settings%3DeyJpZCI6NTEwLCJ1cmwiOiJodHRwczpcL1wvbmF2aWRuYXNyaS5jb21cL3dwLWNvbnRlbnRcL3VwbG9hZHNcLzIwMjFcLzA5XC8wNDBBNjgxMi5qcGciLCJzbGlkZXNob3ciOiI3ZWU5OWJjIn0%3D\">\n\t\t\t\t\t<div class=\"e-gallery-image elementor-gallery-item__image\" data-thumbnail=\"https:\/\/navidnasri.com\/wp-content\/uploads\/2021\/09\/040A6812-700x770.jpg\" data-width=\"700\" data-height=\"770\" aria-label=\"\" role=\"img\" ><\/div>\n\t\t\t\t\t\t\t\t\t\t\t<div class=\"elementor-gallery-item__overlay\"><\/div>\n\t\t\t\t\t\t\t\t\t\t\t\t\t\t<\/a>\n\t\t\t\t\t\t\t<a class=\"e-gallery-item elementor-gallery-item elementor-animated-content\" href=\"https:\/\/navidnasri.com\/wp-content\/uploads\/2021\/09\/IMG_0238.jpg\" data-elementor-open-lightbox=\"yes\" data-elementor-lightbox-slideshow=\"7ee99bc\" data-elementor-lightbox-title=\"IMG_0238\" data-e-action-hash=\"#elementor-action%3Aaction%3Dlightbox%26settings%3DeyJpZCI6NTIzLCJ1cmwiOiJodHRwczpcL1wvbmF2aWRuYXNyaS5jb21cL3dwLWNvbnRlbnRcL3VwbG9hZHNcLzIwMjFcLzA5XC9JTUdfMDIzOC5qcGciLCJzbGlkZXNob3ciOiI3ZWU5OWJjIn0%3D\">\n\t\t\t\t\t<div class=\"e-gallery-image elementor-gallery-item__image\" data-thumbnail=\"https:\/\/navidnasri.com\/wp-content\/uploads\/2021\/09\/IMG_0238-700x770.jpg\" data-width=\"700\" data-height=\"770\" aria-label=\"\" role=\"img\" ><\/div>\n\t\t\t\t\t\t\t\t\t\t\t<div class=\"elementor-gallery-item__overlay\"><\/div>\n\t\t\t\t\t\t\t\t\t\t\t\t\t\t<\/a>\n\t\t\t\t\t\t\t<a class=\"e-gallery-item elementor-gallery-item elementor-animated-content\" href=\"https:\/\/navidnasri.com\/wp-content\/uploads\/2021\/09\/IMG_0239.jpg\" data-elementor-open-lightbox=\"yes\" data-elementor-lightbox-slideshow=\"7ee99bc\" data-elementor-lightbox-title=\"IMG_0239\" data-e-action-hash=\"#elementor-action%3Aaction%3Dlightbox%26settings%3DeyJpZCI6NTI0LCJ1cmwiOiJodHRwczpcL1wvbmF2aWRuYXNyaS5jb21cL3dwLWNvbnRlbnRcL3VwbG9hZHNcLzIwMjFcLzA5XC9JTUdfMDIzOS5qcGciLCJzbGlkZXNob3ciOiI3ZWU5OWJjIn0%3D\">\n\t\t\t\t\t<div class=\"e-gallery-image elementor-gallery-item__image\" data-thumbnail=\"https:\/\/navidnasri.com\/wp-content\/uploads\/2021\/09\/IMG_0239-700x770.jpg\" data-width=\"700\" data-height=\"770\" aria-label=\"\" role=\"img\" ><\/div>\n\t\t\t\t\t\t\t\t\t\t\t<div class=\"elementor-gallery-item__overlay\"><\/div>\n\t\t\t\t\t\t\t\t\t\t\t\t\t\t<\/a>\n\t\t\t\t\t\t\t<a class=\"e-gallery-item elementor-gallery-item elementor-animated-content\" href=\"https:\/\/navidnasri.com\/wp-content\/uploads\/2021\/09\/IMG_0240.jpg\" data-elementor-open-lightbox=\"yes\" data-elementor-lightbox-slideshow=\"7ee99bc\" data-elementor-lightbox-title=\"IMG_0240\" data-e-action-hash=\"#elementor-action%3Aaction%3Dlightbox%26settings%3DeyJpZCI6NTI1LCJ1cmwiOiJodHRwczpcL1wvbmF2aWRuYXNyaS5jb21cL3dwLWNvbnRlbnRcL3VwbG9hZHNcLzIwMjFcLzA5XC9JTUdfMDI0MC5qcGciLCJzbGlkZXNob3ciOiI3ZWU5OWJjIn0%3D\">\n\t\t\t\t\t<div class=\"e-gallery-image elementor-gallery-item__image\" data-thumbnail=\"https:\/\/navidnasri.com\/wp-content\/uploads\/2021\/09\/IMG_0240-700x770.jpg\" data-width=\"700\" data-height=\"770\" aria-label=\"\" role=\"img\" ><\/div>\n\t\t\t\t\t\t\t\t\t\t\t<div class=\"elementor-gallery-item__overlay\"><\/div>\n\t\t\t\t\t\t\t\t\t\t\t\t\t\t<\/a>\n\t\t\t\t\t\t\t<a class=\"e-gallery-item elementor-gallery-item elementor-animated-content\" href=\"https:\/\/navidnasri.com\/wp-content\/uploads\/2021\/09\/FANTA-01.jpg\" data-elementor-open-lightbox=\"yes\" data-elementor-lightbox-slideshow=\"7ee99bc\" data-elementor-lightbox-title=\"FANTA-01\" data-e-action-hash=\"#elementor-action%3Aaction%3Dlightbox%26settings%3DeyJpZCI6NTE0LCJ1cmwiOiJodHRwczpcL1wvbmF2aWRuYXNyaS5jb21cL3dwLWNvbnRlbnRcL3VwbG9hZHNcLzIwMjFcLzA5XC9GQU5UQS0wMS5qcGciLCJzbGlkZXNob3ciOiI3ZWU5OWJjIn0%3D\">\n\t\t\t\t\t<div class=\"e-gallery-image elementor-gallery-item__image\" data-thumbnail=\"https:\/\/navidnasri.com\/wp-content\/uploads\/2021\/09\/FANTA-01-700x770.jpg\" data-width=\"700\" data-height=\"770\" aria-label=\"\" role=\"img\" ><\/div>\n\t\t\t\t\t\t\t\t\t\t\t<div class=\"elementor-gallery-item__overlay\"><\/div>\n\t\t\t\t\t\t\t\t\t\t\t\t\t\t<\/a>\n\t\t\t\t\t\t\t<a class=\"e-gallery-item elementor-gallery-item elementor-animated-content\" href=\"https:\/\/navidnasri.com\/wp-content\/uploads\/2021\/09\/040A6761-2.jpg\" data-elementor-open-lightbox=\"yes\" data-elementor-lightbox-slideshow=\"7ee99bc\" data-elementor-lightbox-title=\"040A6761-2\" data-e-action-hash=\"#elementor-action%3Aaction%3Dlightbox%26settings%3DeyJpZCI6NTI5LCJ1cmwiOiJodHRwczpcL1wvbmF2aWRuYXNyaS5jb21cL3dwLWNvbnRlbnRcL3VwbG9hZHNcLzIwMjFcLzA5XC8wNDBBNjc2MS0yLmpwZyIsInNsaWRlc2hvdyI6IjdlZTk5YmMifQ%3D%3D\">\n\t\t\t\t\t<div class=\"e-gallery-image elementor-gallery-item__image\" data-thumbnail=\"https:\/\/navidnasri.com\/wp-content\/uploads\/2021\/09\/040A6761-2-700x770.jpg\" data-width=\"700\" data-height=\"770\" aria-label=\"\" role=\"img\" ><\/div>\n\t\t\t\t\t\t\t\t\t\t\t<div class=\"elementor-gallery-item__overlay\"><\/div>\n\t\t\t\t\t\t\t\t\t\t\t\t\t\t<\/a>\n\t\t\t\t\t<\/div>\n\t\t\t\t\t<\/div>\n\t\t\t\t<\/div>\n\t\t\t\t\t<\/div>\n\t\t<\/div>\n\t\t\t\t\t<\/div>\n\t\t<\/section>\n\t\t\t\t<\/div>\n\t\t","protected":false},"excerpt":{"rendered":"<p>Produits La valeur per\u00e7ue de vos produits et la fiabilit\u00e9 de votre marque sont souvent jug\u00e9es en fonction de la qualit\u00e9 de votre pr\u00e9sentation visuelle. Cela signifie qu&rsquo;avoir de belles photos de produits haut de gamme peut \u00eatre tr\u00e8s utile. Je vous accompagne sur ce chemin pour donner \u00e0 votre public des photos claires et accrocheuses de vos produits.La photographie de produit vous en dit beaucoup sur l&rsquo;article, de la taille, la forme, la couleur, et m\u00eame comment il est [&hellip;]<\/p>\n","protected":false},"author":1,"featured_media":0,"parent":0,"menu_order":0,"comment_status":"closed","ping_status":"closed","template":"","meta":{"footnotes":""},"class_list":["post-734","page","type-page","status-publish","hentry"],"_links":{"self":[{"href":"https:\/\/navidnasri.com\/fr\/wp-json\/wp\/v2\/pages\/734","targetHints":{"allow":["GET"]}}],"collection":[{"href":"https:\/\/navidnasri.com\/fr\/wp-json\/wp\/v2\/pages"}],"about":[{"href":"https:\/\/navidnasri.com\/fr\/wp-json\/wp\/v2\/types\/page"}],"author":[{"embeddable":true,"href":"https:\/\/navidnasri.com\/fr\/wp-json\/wp\/v2\/users\/1"}],"replies":[{"embeddable":true,"href":"https:\/\/navidnasri.com\/fr\/wp-json\/wp\/v2\/comments?post=734"}],"version-history":[{"count":7,"href":"https:\/\/navidnasri.com\/fr\/wp-json\/wp\/v2\/pages\/734\/revisions"}],"predecessor-version":[{"id":749,"href":"https:\/\/navidnasri.com\/fr\/wp-json\/wp\/v2\/pages\/734\/revisions\/749"}],"wp:attachment":[{"href":"https:\/\/navidnasri.com\/fr\/wp-json\/wp\/v2\/media?parent=734"}],"curies":[{"name":"wp","href":"https:\/\/api.w.org\/{rel}","templated":true}]}}