{"id":750,"date":"2021-09-23T23:34:53","date_gmt":"2021-09-23T23:34:53","guid":{"rendered":"https:\/\/navidnasri.com\/?page_id=750"},"modified":"2021-09-23T23:37:28","modified_gmt":"2021-09-23T23:37:28","slug":"portrait-commercial","status":"publish","type":"page","link":"https:\/\/navidnasri.com\/fr\/portrait-commercial\/","title":{"rendered":"Portrait"},"content":{"rendered":"\t\t<div data-elementor-type=\"wp-page\" data-elementor-id=\"750\" class=\"elementor elementor-750\" data-elementor-post-type=\"page\">\n\t\t\t\t\t\t<section class=\"elementor-section elementor-top-section elementor-element elementor-element-d662ad1 elementor-section-boxed elementor-section-height-default elementor-section-height-default\" data-id=\"d662ad1\" data-element_type=\"section\" data-e-type=\"section\">\n\t\t\t\t\t\t<div class=\"elementor-container elementor-column-gap-default\">\n\t\t\t\t\t<div class=\"elementor-column elementor-col-50 elementor-top-column elementor-element elementor-element-fd378b7\" data-id=\"fd378b7\" data-element_type=\"column\" data-e-type=\"column\">\n\t\t\t<div class=\"elementor-widget-wrap elementor-element-populated\">\n\t\t\t\t\t\t<div class=\"elementor-element elementor-element-73a9efb elementor-widget elementor-widget-image\" data-id=\"73a9efb\" data-element_type=\"widget\" data-e-type=\"widget\" data-widget_type=\"image.default\">\n\t\t\t\t<div class=\"elementor-widget-container\">\n\t\t\t\t\t\t\t\t\t\t\t\t\t\t\t<img fetchpriority=\"high\" decoding=\"async\" width=\"683\" height=\"1024\" src=\"https:\/\/navidnasri.com\/wp-content\/uploads\/2021\/09\/cat-555-683x1024.jpg\" class=\"attachment-large size-large wp-image-275\" alt=\"Commercial Portrait\" srcset=\"https:\/\/navidnasri.com\/wp-content\/uploads\/2021\/09\/cat-555-683x1024.jpg 683w, https:\/\/navidnasri.com\/wp-content\/uploads\/2021\/09\/cat-555-200x300.jpg 200w, https:\/\/navidnasri.com\/wp-content\/uploads\/2021\/09\/cat-555.jpg 700w\" sizes=\"(max-width: 683px) 100vw, 683px\" \/>\t\t\t\t\t\t\t\t\t\t\t\t\t\t\t<\/div>\n\t\t\t\t<\/div>\n\t\t\t\t\t<\/div>\n\t\t<\/div>\n\t\t\t\t<div class=\"elementor-column elementor-col-50 elementor-top-column elementor-element elementor-element-d8ddeeb\" data-id=\"d8ddeeb\" data-element_type=\"column\" data-e-type=\"column\">\n\t\t\t<div class=\"elementor-widget-wrap elementor-element-populated\">\n\t\t\t\t\t\t<div class=\"elementor-element elementor-element-53c9b74 elementor-widget elementor-widget-text-editor\" data-id=\"53c9b74\" data-element_type=\"widget\" data-e-type=\"widget\" data-widget_type=\"text-editor.default\">\n\t\t\t\t<div class=\"elementor-widget-container\">\n\t\t\t\t\t\t\t\t\t<h4>Portrait Commercial<\/h4><p>Commercial photography is the creation of images to be used by businesses for selling or promoting their brand. This usually falls into the category of product or lifestyle imagery. A commercial photographer has the goal of positioning the brand in the minds of the viewers through a single, or series of photographs. A great commercial image is something memorable, with mass appeal, and a clear message.<\/p>\t\t\t\t\t\t\t\t<\/div>\n\t\t\t\t<\/div>\n\t\t\t\t\t<\/div>\n\t\t<\/div>\n\t\t\t\t\t<\/div>\n\t\t<\/section>\n\t\t\t\t<section class=\"elementor-section elementor-top-section elementor-element elementor-element-7125bb6 elementor-section-boxed elementor-section-height-default elementor-section-height-default\" data-id=\"7125bb6\" data-element_type=\"section\" data-e-type=\"section\">\n\t\t\t\t\t\t<div class=\"elementor-container elementor-column-gap-default\">\n\t\t\t\t\t<div class=\"elementor-column elementor-col-100 elementor-top-column elementor-element elementor-element-88bc8e8\" data-id=\"88bc8e8\" data-element_type=\"column\" data-e-type=\"column\">\n\t\t\t<div class=\"elementor-widget-wrap elementor-element-populated\">\n\t\t\t\t\t\t<div class=\"elementor-element elementor-element-ccc0395 elementor-widget elementor-widget-heading\" data-id=\"ccc0395\" data-element_type=\"widget\" data-e-type=\"widget\" data-widget_type=\"heading.default\">\n\t\t\t\t<div class=\"elementor-widget-container\">\n\t\t\t\t\t<h4 class=\"elementor-heading-title elementor-size-default\">Je vous invite \u00e0 jeter un coup d'\u0153il \u00e0 mes photos de portraits<\/h4>\t\t\t\t<\/div>\n\t\t\t\t<\/div>\n\t\t\t\t\t<\/div>\n\t\t<\/div>\n\t\t\t\t\t<\/div>\n\t\t<\/section>\n\t\t\t\t<section class=\"elementor-section elementor-top-section elementor-element elementor-element-9880bf8 elementor-section-boxed elementor-section-height-default elementor-section-height-default\" data-id=\"9880bf8\" data-element_type=\"section\" data-e-type=\"section\">\n\t\t\t\t\t\t<div class=\"elementor-container elementor-column-gap-default\">\n\t\t\t\t\t<div class=\"elementor-column elementor-col-100 elementor-top-column elementor-element elementor-element-f00904e\" data-id=\"f00904e\" data-element_type=\"column\" data-e-type=\"column\">\n\t\t\t<div class=\"elementor-widget-wrap elementor-element-populated\">\n\t\t\t\t\t\t<div class=\"elementor-element elementor-element-637f72a elementor-widget elementor-widget-gallery\" data-id=\"637f72a\" data-element_type=\"widget\" data-e-type=\"widget\" data-settings=\"{&quot;gallery_layout&quot;:&quot;masonry&quot;,&quot;lazyload&quot;:&quot;yes&quot;,&quot;columns&quot;:4,&quot;columns_tablet&quot;:2,&quot;columns_mobile&quot;:1,&quot;gap&quot;:{&quot;unit&quot;:&quot;px&quot;,&quot;size&quot;:10,&quot;sizes&quot;:[]},&quot;gap_tablet&quot;:{&quot;unit&quot;:&quot;px&quot;,&quot;size&quot;:10,&quot;sizes&quot;:[]},&quot;gap_mobile&quot;:{&quot;unit&quot;:&quot;px&quot;,&quot;size&quot;:10,&quot;sizes&quot;:[]},&quot;link_to&quot;:&quot;file&quot;,&quot;overlay_background&quot;:&quot;yes&quot;,&quot;content_hover_animation&quot;:&quot;fade-in&quot;}\" data-widget_type=\"gallery.default\">\n\t\t\t\t<div class=\"elementor-widget-container\">\n\t\t\t\t\t\t\t<div class=\"elementor-gallery__container\">\n\t\t\t\t\t\t\t<a class=\"e-gallery-item elementor-gallery-item elementor-animated-content\" href=\"https:\/\/navidnasri.com\/wp-content\/uploads\/2021\/09\/cat-555.jpg\" data-elementor-open-lightbox=\"yes\" data-elementor-lightbox-slideshow=\"637f72a\" data-elementor-lightbox-title=\"Commercial Portrait\" data-elementor-lightbox-description=\"Commercial Portrait in Paris\" data-e-action-hash=\"#elementor-action%3Aaction%3Dlightbox%26settings%3DeyJpZCI6Mjc1LCJ1cmwiOiJodHRwczpcL1wvbmF2aWRuYXNyaS5jb21cL3dwLWNvbnRlbnRcL3VwbG9hZHNcLzIwMjFcLzA5XC9jYXQtNTU1LmpwZyIsInNsaWRlc2hvdyI6IjYzN2Y3MmEifQ%3D%3D\">\n\t\t\t\t\t<div class=\"e-gallery-image elementor-gallery-item__image\" data-thumbnail=\"https:\/\/navidnasri.com\/wp-content\/uploads\/2021\/09\/cat-555-700x770.jpg\" data-width=\"700\" data-height=\"770\" aria-label=\"Commercial Portrait\" role=\"img\" ><\/div>\n\t\t\t\t\t\t\t\t\t\t\t<div class=\"elementor-gallery-item__overlay\"><\/div>\n\t\t\t\t\t\t\t\t\t\t\t\t\t\t<\/a>\n\t\t\t\t\t\t\t<a class=\"e-gallery-item elementor-gallery-item elementor-animated-content\" href=\"https:\/\/navidnasri.com\/wp-content\/uploads\/2021\/09\/IMG_0212.jpg\" data-elementor-open-lightbox=\"yes\" data-elementor-lightbox-slideshow=\"637f72a\" data-elementor-lightbox-title=\"Commercial Portrait\" data-elementor-lightbox-description=\"Commercial Portrait in Paris\" data-e-action-hash=\"#elementor-action%3Aaction%3Dlightbox%26settings%3DeyJpZCI6NDgxLCJ1cmwiOiJodHRwczpcL1wvbmF2aWRuYXNyaS5jb21cL3dwLWNvbnRlbnRcL3VwbG9hZHNcLzIwMjFcLzA5XC9JTUdfMDIxMi5qcGciLCJzbGlkZXNob3ciOiI2MzdmNzJhIn0%3D\">\n\t\t\t\t\t<div class=\"e-gallery-image elementor-gallery-item__image\" data-thumbnail=\"https:\/\/navidnasri.com\/wp-content\/uploads\/2021\/09\/IMG_0212-700x770.jpg\" data-width=\"700\" data-height=\"770\" aria-label=\"\" role=\"img\" ><\/div>\n\t\t\t\t\t\t\t\t\t\t\t<div class=\"elementor-gallery-item__overlay\"><\/div>\n\t\t\t\t\t\t\t\t\t\t\t\t\t\t<\/a>\n\t\t\t\t\t\t\t<a class=\"e-gallery-item elementor-gallery-item elementor-animated-content\" href=\"https:\/\/navidnasri.com\/wp-content\/uploads\/2021\/09\/IMG_0214.jpg\" data-elementor-open-lightbox=\"yes\" data-elementor-lightbox-slideshow=\"637f72a\" data-elementor-lightbox-title=\"Commercial Portrait\" data-elementor-lightbox-description=\"Commercial Portrait in Paris\" data-e-action-hash=\"#elementor-action%3Aaction%3Dlightbox%26settings%3DeyJpZCI6NDgyLCJ1cmwiOiJodHRwczpcL1wvbmF2aWRuYXNyaS5jb21cL3dwLWNvbnRlbnRcL3VwbG9hZHNcLzIwMjFcLzA5XC9JTUdfMDIxNC5qcGciLCJzbGlkZXNob3ciOiI2MzdmNzJhIn0%3D\">\n\t\t\t\t\t<div class=\"e-gallery-image elementor-gallery-item__image\" data-thumbnail=\"https:\/\/navidnasri.com\/wp-content\/uploads\/2021\/09\/IMG_0214-700x770.jpg\" data-width=\"700\" data-height=\"770\" aria-label=\"\" role=\"img\" ><\/div>\n\t\t\t\t\t\t\t\t\t\t\t<div class=\"elementor-gallery-item__overlay\"><\/div>\n\t\t\t\t\t\t\t\t\t\t\t\t\t\t<\/a>\n\t\t\t\t\t\t\t<a class=\"e-gallery-item elementor-gallery-item elementor-animated-content\" href=\"https:\/\/navidnasri.com\/wp-content\/uploads\/2021\/09\/IMG_0220.jpg\" data-elementor-open-lightbox=\"yes\" data-elementor-lightbox-slideshow=\"637f72a\" data-elementor-lightbox-title=\"Commercial Portrait\" data-elementor-lightbox-description=\"Commercial Portrait in Paris\" data-e-action-hash=\"#elementor-action%3Aaction%3Dlightbox%26settings%3DeyJpZCI6NDgzLCJ1cmwiOiJodHRwczpcL1wvbmF2aWRuYXNyaS5jb21cL3dwLWNvbnRlbnRcL3VwbG9hZHNcLzIwMjFcLzA5XC9JTUdfMDIyMC5qcGciLCJzbGlkZXNob3ciOiI2MzdmNzJhIn0%3D\">\n\t\t\t\t\t<div class=\"e-gallery-image elementor-gallery-item__image\" data-thumbnail=\"https:\/\/navidnasri.com\/wp-content\/uploads\/2021\/09\/IMG_0220-700x770.jpg\" data-width=\"700\" data-height=\"770\" aria-label=\"\" role=\"img\" ><\/div>\n\t\t\t\t\t\t\t\t\t\t\t<div class=\"elementor-gallery-item__overlay\"><\/div>\n\t\t\t\t\t\t\t\t\t\t\t\t\t\t<\/a>\n\t\t\t\t\t\t\t<a class=\"e-gallery-item elementor-gallery-item elementor-animated-content\" href=\"https:\/\/navidnasri.com\/wp-content\/uploads\/2021\/09\/IMG_0218.jpg\" data-elementor-open-lightbox=\"yes\" data-elementor-lightbox-slideshow=\"637f72a\" data-elementor-lightbox-title=\"Commercial Portrait\" data-elementor-lightbox-description=\"Commercial Portrait in Paris\" data-e-action-hash=\"#elementor-action%3Aaction%3Dlightbox%26settings%3DeyJpZCI6NDg3LCJ1cmwiOiJodHRwczpcL1wvbmF2aWRuYXNyaS5jb21cL3dwLWNvbnRlbnRcL3VwbG9hZHNcLzIwMjFcLzA5XC9JTUdfMDIxOC5qcGciLCJzbGlkZXNob3ciOiI2MzdmNzJhIn0%3D\">\n\t\t\t\t\t<div class=\"e-gallery-image elementor-gallery-item__image\" data-thumbnail=\"https:\/\/navidnasri.com\/wp-content\/uploads\/2021\/09\/IMG_0218-700x770.jpg\" data-width=\"700\" data-height=\"770\" aria-label=\"\" role=\"img\" ><\/div>\n\t\t\t\t\t\t\t\t\t\t\t<div class=\"elementor-gallery-item__overlay\"><\/div>\n\t\t\t\t\t\t\t\t\t\t\t\t\t\t<\/a>\n\t\t\t\t\t\t\t<a class=\"e-gallery-item elementor-gallery-item elementor-animated-content\" href=\"https:\/\/navidnasri.com\/wp-content\/uploads\/2021\/09\/645.jpg\" data-elementor-open-lightbox=\"yes\" data-elementor-lightbox-slideshow=\"637f72a\" data-elementor-lightbox-title=\"Commercial Portrait\" data-elementor-lightbox-description=\"Commercial Portrait in Paris\" data-e-action-hash=\"#elementor-action%3Aaction%3Dlightbox%26settings%3DeyJpZCI6NDkxLCJ1cmwiOiJodHRwczpcL1wvbmF2aWRuYXNyaS5jb21cL3dwLWNvbnRlbnRcL3VwbG9hZHNcLzIwMjFcLzA5XC82NDUuanBnIiwic2xpZGVzaG93IjoiNjM3ZjcyYSJ9\">\n\t\t\t\t\t<div class=\"e-gallery-image elementor-gallery-item__image\" data-thumbnail=\"https:\/\/navidnasri.com\/wp-content\/uploads\/2021\/09\/645-700x770.jpg\" data-width=\"700\" data-height=\"770\" aria-label=\"\" role=\"img\" ><\/div>\n\t\t\t\t\t\t\t\t\t\t\t<div class=\"elementor-gallery-item__overlay\"><\/div>\n\t\t\t\t\t\t\t\t\t\t\t\t\t\t<\/a>\n\t\t\t\t\t\t\t<a class=\"e-gallery-item elementor-gallery-item elementor-animated-content\" href=\"https:\/\/navidnasri.com\/wp-content\/uploads\/2021\/09\/040A1265.jpg\" data-elementor-open-lightbox=\"yes\" data-elementor-lightbox-slideshow=\"637f72a\" data-elementor-lightbox-title=\"Commercial Portrait\" data-elementor-lightbox-description=\"Commercial Portrait in Paris\" data-e-action-hash=\"#elementor-action%3Aaction%3Dlightbox%26settings%3DeyJpZCI6NDY0LCJ1cmwiOiJodHRwczpcL1wvbmF2aWRuYXNyaS5jb21cL3dwLWNvbnRlbnRcL3VwbG9hZHNcLzIwMjFcLzA5XC8wNDBBMTI2NS5qcGciLCJzbGlkZXNob3ciOiI2MzdmNzJhIn0%3D\">\n\t\t\t\t\t<div class=\"e-gallery-image elementor-gallery-item__image\" data-thumbnail=\"https:\/\/navidnasri.com\/wp-content\/uploads\/2021\/09\/040A1265-700x770.jpg\" data-width=\"700\" data-height=\"770\" aria-label=\"\" role=\"img\" ><\/div>\n\t\t\t\t\t\t\t\t\t\t\t<div class=\"elementor-gallery-item__overlay\"><\/div>\n\t\t\t\t\t\t\t\t\t\t\t\t\t\t<\/a>\n\t\t\t\t\t\t\t<a class=\"e-gallery-item elementor-gallery-item elementor-animated-content\" href=\"https:\/\/navidnasri.com\/wp-content\/uploads\/2021\/09\/040A0975.jpg\" data-elementor-open-lightbox=\"yes\" data-elementor-lightbox-slideshow=\"637f72a\" data-elementor-lightbox-title=\"Commercial Portrait\" data-elementor-lightbox-description=\"Commercial Portrait in Paris\" data-e-action-hash=\"#elementor-action%3Aaction%3Dlightbox%26settings%3DeyJpZCI6NDY5LCJ1cmwiOiJodHRwczpcL1wvbmF2aWRuYXNyaS5jb21cL3dwLWNvbnRlbnRcL3VwbG9hZHNcLzIwMjFcLzA5XC8wNDBBMDk3NS5qcGciLCJzbGlkZXNob3ciOiI2MzdmNzJhIn0%3D\">\n\t\t\t\t\t<div class=\"e-gallery-image elementor-gallery-item__image\" data-thumbnail=\"https:\/\/navidnasri.com\/wp-content\/uploads\/2021\/09\/040A0975-700x770.jpg\" data-width=\"700\" data-height=\"770\" aria-label=\"\" role=\"img\" ><\/div>\n\t\t\t\t\t\t\t\t\t\t\t<div class=\"elementor-gallery-item__overlay\"><\/div>\n\t\t\t\t\t\t\t\t\t\t\t\t\t\t<\/a>\n\t\t\t\t\t<\/div>\n\t\t\t\t\t<\/div>\n\t\t\t\t<\/div>\n\t\t\t\t\t<\/div>\n\t\t<\/div>\n\t\t\t\t\t<\/div>\n\t\t<\/section>\n\t\t\t\t<\/div>\n\t\t","protected":false},"excerpt":{"rendered":"<p>Portrait Commercial Commercial photography is the creation of images to be used by businesses for selling or promoting their brand. This usually falls into the category of product or lifestyle imagery. A commercial photographer has the goal of positioning the brand in the minds of the viewers through a single, or series of photographs. A great commercial image is something memorable, with mass appeal, and a clear message. Je vous invite \u00e0 jeter un coup d&rsquo;\u0153il \u00e0 mes photos de [&hellip;]<\/p>\n","protected":false},"author":1,"featured_media":0,"parent":0,"menu_order":0,"comment_status":"closed","ping_status":"closed","template":"","meta":{"footnotes":""},"class_list":["post-750","page","type-page","status-publish","hentry"],"_links":{"self":[{"href":"https:\/\/navidnasri.com\/fr\/wp-json\/wp\/v2\/pages\/750","targetHints":{"allow":["GET"]}}],"collection":[{"href":"https:\/\/navidnasri.com\/fr\/wp-json\/wp\/v2\/pages"}],"about":[{"href":"https:\/\/navidnasri.com\/fr\/wp-json\/wp\/v2\/types\/page"}],"author":[{"embeddable":true,"href":"https:\/\/navidnasri.com\/fr\/wp-json\/wp\/v2\/users\/1"}],"replies":[{"embeddable":true,"href":"https:\/\/navidnasri.com\/fr\/wp-json\/wp\/v2\/comments?post=750"}],"version-history":[{"count":5,"href":"https:\/\/navidnasri.com\/fr\/wp-json\/wp\/v2\/pages\/750\/revisions"}],"predecessor-version":[{"id":763,"href":"https:\/\/navidnasri.com\/fr\/wp-json\/wp\/v2\/pages\/750\/revisions\/763"}],"wp:attachment":[{"href":"https:\/\/navidnasri.com\/fr\/wp-json\/wp\/v2\/media?parent=750"}],"curies":[{"name":"wp","href":"https:\/\/api.w.org\/{rel}","templated":true}]}}